{"id":100,"date":"2016-07-04T04:09:35","date_gmt":"2016-07-04T04:09:35","guid":{"rendered":"http:\/\/classiads.designinvento.net\/elementor\/classiads-solic\/?page_id=100"},"modified":"2021-02-04T13:54:53","modified_gmt":"2021-02-04T12:54:53","slug":"connexion","status":"publish","type":"page","link":"https:\/\/delphcoachsportif.com\/test\/connexion\/","title":{"rendered":"login"},"content":{"rendered":"\t\t<div data-elementor-type=\"wp-page\" data-elementor-id=\"100\" class=\"elementor elementor-100\" data-elementor-settings=\"[]\">\n\t\t\t\t\t\t<div class=\"elementor-inner\">\n\t\t\t\t\t\t\t<div class=\"elementor-section-wrap\">\n\t\t\t\t\t\t\t<section class=\"elementor-section elementor-top-section elementor-element elementor-element-983b639 elementor-section-boxed elementor-section-height-default elementor-section-height-default\" data-id=\"983b639\" data-element_type=\"section\">\n\t\t\t\t\t\t<div class=\"elementor-container elementor-column-gap-default\">\n\t\t\t\t\t\t\t<div class=\"elementor-row\">\n\t\t\t\t\t<div class=\"elementor-column elementor-col-100 elementor-top-column elementor-element elementor-element-a5ddd08\" data-id=\"a5ddd08\" data-element_type=\"column\">\n\t\t\t<div class=\"elementor-column-wrap elementor-element-populated\">\n\t\t\t\t\t\t\t<div class=\"elementor-widget-wrap\">\n\t\t\t\t\t\t<div class=\"elementor-element elementor-element-a48283b elementor-widget elementor-widget-spacer\" data-id=\"a48283b\" data-element_type=\"widget\" data-widget_type=\"spacer.default\">\n\t\t\t\t<div class=\"elementor-widget-container\">\n\t\t\t\t\t<div class=\"elementor-spacer\">\n\t\t\t<div class=\"elementor-spacer-inner\"><\/div>\n\t\t<\/div>\n\t\t\t\t<\/div>\n\t\t\t\t<\/div>\n\t\t\t\t\t\t<\/div>\n\t\t\t\t\t<\/div>\n\t\t<\/div>\n\t\t\t\t\t\t\t\t<\/div>\n\t\t\t\t\t<\/div>\n\t\t<\/section>\n\t\t\t\t<section class=\"elementor-section elementor-top-section elementor-element elementor-element-7314403 elementor-section-boxed elementor-section-height-default elementor-section-height-default\" data-id=\"7314403\" data-element_type=\"section\">\n\t\t\t\t\t\t<div class=\"elementor-container elementor-column-gap-default\">\n\t\t\t\t\t\t\t<div class=\"elementor-row\">\n\t\t\t\t\t<div class=\"elementor-column elementor-col-25 elementor-top-column elementor-element elementor-element-9de1db7\" data-id=\"9de1db7\" data-element_type=\"column\">\n\t\t\t<div class=\"elementor-column-wrap\">\n\t\t\t\t\t\t\t<div class=\"elementor-widget-wrap\">\n\t\t\t\t\t\t\t\t<\/div>\n\t\t\t\t\t<\/div>\n\t\t<\/div>\n\t\t\t\t<div class=\"elementor-column elementor-col-50 elementor-top-column elementor-element elementor-element-ce94a0c\" data-id=\"ce94a0c\" data-element_type=\"column\">\n\t\t\t<div class=\"elementor-column-wrap elementor-element-populated\">\n\t\t\t\t\t\t\t<div class=\"elementor-widget-wrap\">\n\t\t\t\t\t\t<div class=\"elementor-element elementor-element-f4f8d1d elementor-widget elementor-widget-dhe_form\" data-id=\"f4f8d1d\" data-element_type=\"widget\" data-widget_type=\"dhe_form.default\">\n\t\t\t\t<div class=\"elementor-widget-container\">\n\t\t\t<div id=\"dheform-5353\"  class=\"dhe-form-container dhe-form-icon-pos- dhe-form- dhe-form-flat\">\n<div class=\"dhe-form-message dhe-form-message-top\" style=\"display:none\"><\/div>\n<form novalidate data-currency=\"USD\" data-currency_symbol=\"&#036;\" data-price_format=\"%s%v\"   data-scroll_to_msg=\"1\" data-ajax_reset_submit=\"1\" data-popup=\"0\" autocomplete=\"off\" data-use-ajax=\"1\" method=\"post\" class=\"dheform dheform-5353 dheform-action-default\" enctype=\"multipart\/form-data\" target=\"_self\" >\n<div class=\"dhe-form-inner\">\t\t<div data-elementor-type=\"dheform\" data-elementor-id=\"5353\" class=\"elementor elementor-5353\" data-elementor-settings=\"[]\">\n\t\t\t\t\t\t<div class=\"elementor-inner\">\n\t\t\t\t\t\t\t<div class=\"elementor-section-wrap\">\n\t\t\t\t\t\t\t<section class=\"elementor-section elementor-top-section elementor-element elementor-element-bc2e0f4 elementor-section-boxed elementor-section-height-default elementor-section-height-default\" data-id=\"bc2e0f4\" data-element_type=\"section\">\n\t\t\t\t\t\t<div class=\"elementor-container elementor-column-gap-default\">\n\t\t\t\t\t\t\t<div class=\"elementor-row\">\n\t\t\t\t\t<div class=\"elementor-column elementor-col-100 elementor-top-column elementor-element elementor-element-3a0d7d1\" data-id=\"3a0d7d1\" data-element_type=\"column\">\n\t\t\t<div class=\"elementor-column-wrap elementor-element-populated\">\n\t\t\t\t\t\t\t<div class=\"elementor-widget-wrap\">\n\t\t\t\t\t\t<div class=\"elementor-element elementor-element-d80c29e elementor-widget elementor-widget-heading\" data-id=\"d80c29e\" data-element_type=\"widget\" data-widget_type=\"heading.default\">\n\t\t\t\t<div class=\"elementor-widget-container\">\n\t\t\t<h2 class=\"elementor-heading-title elementor-size-default\">JE ME CONNECTE<\/h2>\t\t<\/div>\n\t\t\t\t<\/div>\n\t\t\t\t\t\t<\/div>\n\t\t\t\t\t<\/div>\n\t\t<\/div>\n\t\t\t\t\t\t\t\t<\/div>\n\t\t\t\t\t<\/div>\n\t\t<\/section>\n\t\t\t\t<section class=\"elementor-section elementor-top-section elementor-element elementor-element-7bce3c4 elementor-section-boxed elementor-section-height-default elementor-section-height-default\" data-id=\"7bce3c4\" data-element_type=\"section\">\n\t\t\t\t\t\t<div class=\"elementor-container elementor-column-gap-default\">\n\t\t\t\t\t\t\t<div class=\"elementor-row\">\n\t\t\t\t\t<div class=\"elementor-column elementor-col-100 elementor-top-column elementor-element elementor-element-d293422\" data-id=\"d293422\" data-element_type=\"column\">\n\t\t\t<div class=\"elementor-column-wrap elementor-element-populated\">\n\t\t\t\t\t\t\t<div class=\"elementor-widget-wrap\">\n\t\t\t\t\t\t<div class=\"elementor-element elementor-element-78597bd elementor-widget elementor-widget-dhe_form_text\" data-id=\"78597bd\" data-element_type=\"widget\" data-widget_type=\"dhe_form_text.default\">\n\t\t\t\t<div class=\"elementor-widget-container\">\n\t\t\t<div class=\"dhe-form-group dhe-form-username-box \">\n<div class=\"dhe-form-input  dhe-form-has-add-on\">\n<input  data-field-name=\"username\" autocomplete=\"off\" type=\"text\" id=\"dhe_form_control_username\" name=\"username\" value=\"\"   class=\"dhe-form-control dhe-form-control-username dhe-form-value dhe-form-required-entry \"  required aria-required=\"true\"  placeholder=\"Email ou nom d'utilisateur\" >\n<span class=\"dhe-form-add-on\"><i class=\"fa fa-user\"><\/i><\/span>\n<\/div><\/div>\n\t\t<\/div>\n\t\t\t\t<\/div>\n\t\t\t\t\t\t<\/div>\n\t\t\t\t\t<\/div>\n\t\t<\/div>\n\t\t\t\t\t\t\t\t<\/div>\n\t\t\t\t\t<\/div>\n\t\t<\/section>\n\t\t\t\t<section class=\"elementor-section elementor-top-section elementor-element elementor-element-250db3a elementor-section-boxed elementor-section-height-default elementor-section-height-default\" data-id=\"250db3a\" data-element_type=\"section\">\n\t\t\t\t\t\t<div class=\"elementor-container elementor-column-gap-default\">\n\t\t\t\t\t\t\t<div class=\"elementor-row\">\n\t\t\t\t\t<div class=\"elementor-column elementor-col-100 elementor-top-column elementor-element elementor-element-21f2518\" data-id=\"21f2518\" data-element_type=\"column\">\n\t\t\t<div class=\"elementor-column-wrap elementor-element-populated\">\n\t\t\t\t\t\t\t<div class=\"elementor-widget-wrap\">\n\t\t\t\t\t\t<div class=\"elementor-element elementor-element-707255a elementor-widget elementor-widget-dhe_form_password\" data-id=\"707255a\" data-element_type=\"widget\" data-widget_type=\"dhe_form_password.default\">\n\t\t\t\t<div class=\"elementor-widget-container\">\n\t\t\t<div class=\"dhe-form-group dhe-form-password-box \">\n<div class=\"dhe-form-input  dhe-form-has-add-on\">\n<input data-field-name=\"password\" autocomplete=\"off\" type=\"password\" id=\"dhe_form_control_password\" name=\"password\" value=\"\"  class=\"dhe-form-control dhe-form-control-password dhe-form-value dhe-form-required-entry \"  required aria-required=\"true\"   placeholder=\"Mot de passe\" >\n<span class=\"dhe-form-add-on\"><i class=\"fa fa-lock\"><\/i><\/span>\n<\/div><\/div>\n\t\t<\/div>\n\t\t\t\t<\/div>\n\t\t\t\t\t\t<\/div>\n\t\t\t\t\t<\/div>\n\t\t<\/div>\n\t\t\t\t\t\t\t\t<\/div>\n\t\t\t\t\t<\/div>\n\t\t<\/section>\n\t\t\t\t<section class=\"elementor-section elementor-top-section elementor-element elementor-element-be55f26 elementor-section-boxed elementor-section-height-default elementor-section-height-default\" data-id=\"be55f26\" data-element_type=\"section\">\n\t\t\t\t\t\t<div class=\"elementor-container elementor-column-gap-default\">\n\t\t\t\t\t\t\t<div class=\"elementor-row\">\n\t\t\t\t\t<div class=\"elementor-column elementor-col-100 elementor-top-column elementor-element elementor-element-146abe9\" data-id=\"146abe9\" data-element_type=\"column\">\n\t\t\t<div class=\"elementor-column-wrap elementor-element-populated\">\n\t\t\t\t\t\t\t<div class=\"elementor-widget-wrap\">\n\t\t\t\t\t\t<div class=\"elementor-element elementor-element-04cbb33 elementor-align-justify elementor-widget elementor-widget-dhe_form_submit_button\" data-id=\"04cbb33\" data-element_type=\"widget\" data-widget_type=\"dhe_form_submit_button.default\">\n\t\t\t\t<div class=\"elementor-widget-container\">\n\t\t\t\r\n<div class=\"dhe-form-action \">\r\n\t<button type=\"submit\" class=\"button dhe-form-submit dhe-form-submit--size-\">\r\n\t\t<span class=\"dhe-form-submit-label\">VALIDER<\/span>\r\n\t\t<span class=\"dhe-form-submit-spinner\">\r\n\t\t\t<svg version=\"1.1\" xmlns=\"http:\/\/www.w3.org\/2000\/svg\" xmlns:xlink=\"http:\/\/www.w3.org\/1999\/xlink\" x=\"0px\" y=\"0px\" viewBox=\"25 25 50 50\"  xml:space=\"preserve\">\r\n\t\t\t\t<circle class=\"path\" cx=\"50\" cy=\"50\" r=\"20\" stroke-dasharray=\"89, 200\" stroke=\"currentColor\" stroke-dashoffset=\"-35\" fill=\"none\" stroke-width=\"5\" stroke-miterlimit=\"10\"\/>\r\n\t\t\t<\/svg>\r\n\t\t<\/span>\r\n\t<\/button>\r\n<\/div>\t\t<\/div>\n\t\t\t\t<\/div>\n\t\t\t\t\t\t<\/div>\n\t\t\t\t\t<\/div>\n\t\t<\/div>\n\t\t\t\t\t\t\t\t<\/div>\n\t\t\t\t\t<\/div>\n\t\t<\/section>\n\t\t\t\t<section class=\"elementor-section elementor-top-section elementor-element elementor-element-2c9cb10 elementor-section-boxed elementor-section-height-default elementor-section-height-default\" data-id=\"2c9cb10\" data-element_type=\"section\">\n\t\t\t\t\t\t<div class=\"elementor-container elementor-column-gap-default\">\n\t\t\t\t\t\t\t<div class=\"elementor-row\">\n\t\t\t\t\t<div class=\"elementor-column elementor-col-100 elementor-top-column elementor-element elementor-element-561640c\" data-id=\"561640c\" data-element_type=\"column\">\n\t\t\t<div class=\"elementor-column-wrap elementor-element-populated\">\n\t\t\t\t\t\t\t<div class=\"elementor-widget-wrap\">\n\t\t\t\t\t\t<div class=\"elementor-element elementor-element-adae2e3 elementor-widget elementor-widget-dhe_form_checkbox\" data-id=\"adae2e3\" data-element_type=\"widget\" data-widget_type=\"dhe_form_checkbox.default\">\n\t\t\t\t<div class=\"elementor-widget-container\">\n\t\t\t<div class=\"dhe-form-group dhe-form-rememberme-box \">\n<div class=\"dhe-form-checkbox dhe-form-conditional\">\n<label  class=\"dhe-form-checkbox__option-label\" for=\"dhe_form_control_forever_69f27d46699a2\" ><input data-field-name=\"rememberme\" data-name=\"rememberme\" data-conditional-name=\"rememberme\" data-conditional=\"[]\" type=\"checkbox\"  class=\"dhe-form-value dhe-form-control-rememberme \"  id=\"dhe_form_control_forever_69f27d46699a2\"  name=\"rememberme\" value=\"forever\"><i class=\"dhe-icon-checkbox\"><\/i>Se souvenir de moi<\/label>\n<\/div><\/div>\n\t\t<\/div>\n\t\t\t\t<\/div>\n\t\t\t\t\t\t<\/div>\n\t\t\t\t\t<\/div>\n\t\t<\/div>\n\t\t\t\t\t\t\t\t<\/div>\n\t\t\t\t\t<\/div>\n\t\t<\/section>\n\t\t\t\t<section class=\"elementor-section elementor-top-section elementor-element elementor-element-21f27af elementor-section-boxed elementor-section-height-default elementor-section-height-default\" data-id=\"21f27af\" data-element_type=\"section\">\n\t\t\t\t\t\t<div class=\"elementor-container elementor-column-gap-default\">\n\t\t\t\t\t\t\t<div class=\"elementor-row\">\n\t\t\t\t\t<div class=\"elementor-column elementor-col-100 elementor-top-column elementor-element elementor-element-65f2782\" data-id=\"65f2782\" data-element_type=\"column\">\n\t\t\t<div class=\"elementor-column-wrap elementor-element-populated\">\n\t\t\t\t\t\t\t<div class=\"elementor-widget-wrap\">\n\t\t\t\t\t\t<div class=\"elementor-element elementor-element-14b822a elementor-widget elementor-widget-text-editor\" data-id=\"14b822a\" data-element_type=\"widget\" data-widget_type=\"text-editor.default\">\n\t\t\t\t<div class=\"elementor-widget-container\">\n\t\t\t\t\t<div class=\"elementor-text-editor elementor-clearfix\"><p><a href=\"https:\/\/delphcoachsportif.com\/test\/forget-password\/\"><strong><span style=\"text-decoration: underline;\">Mot de passe oubli\u00e9<\/span><\/strong><\/a><br \/>Vous n&#8217;avez jamais cr\u00e9e de compte ?<br \/><strong><a href=\"https:\/\/delphcoachsportif.com\/test\/register\/\">Cr\u00e9er un compte<\/a><\/strong><\/p><\/div>\n\t\t\t\t<\/div>\n\t\t\t\t<\/div>\n\t\t\t\t\t\t<\/div>\n\t\t\t\t\t<\/div>\n\t\t<\/div>\n\t\t\t\t\t\t\t\t<\/div>\n\t\t\t\t\t<\/div>\n\t\t<\/section>\n\t\t\t\t\t\t<\/div>\n\t\t\t\t\t\t<\/div>\n\t\t\t\t\t<\/div>\n\t\t<\/div><div style=\"display: none;\">\n<input type=\"hidden\" name=\"action\" value=\"dhe_form_ajax\">\n<input type=\"hidden\" name=\"_dhe_form_action\" value=\"login\">\n<input type=\"hidden\" id=\"_dhe_form_hidden_fields\" name=\"_dhe_form_hidden_fields\" value=\"\">\n<input type=\"hidden\" name=\"_dhe_form_id\" value=\"5353\">\n<input type=\"hidden\" name=\"_dhe_form_url\" value=\"https:\/\/delphcoachsportif.com\/test\/wp-json\/wp\/v2\/pages\/100\">\n<input type=\"hidden\" name=\"_dhe_form_referer\" value=\"\">\n<input type=\"hidden\" name=\"_dhe_form_post_id\" value=\"100\">\n<input type=\"hidden\" name=\"_dhe_form_nonce\" value=\"a120614fd3\">\n<\/div>\n<\/form>\n<\/div>\n\t\t<\/div>\n\t\t\t\t<\/div>\n\t\t\t\t\t\t<\/div>\n\t\t\t\t\t<\/div>\n\t\t<\/div>\n\t\t\t\t<div class=\"elementor-column elementor-col-25 elementor-top-column elementor-element elementor-element-0c8da8b\" data-id=\"0c8da8b\" data-element_type=\"column\">\n\t\t\t<div class=\"elementor-column-wrap\">\n\t\t\t\t\t\t\t<div class=\"elementor-widget-wrap\">\n\t\t\t\t\t\t\t\t<\/div>\n\t\t\t\t\t<\/div>\n\t\t<\/div>\n\t\t\t\t\t\t\t\t<\/div>\n\t\t\t\t\t<\/div>\n\t\t<\/section>\n\t\t\t\t<section class=\"elementor-section elementor-top-section elementor-element elementor-element-af952f4 elementor-section-boxed elementor-section-height-default elementor-section-height-default\" data-id=\"af952f4\" data-element_type=\"section\">\n\t\t\t\t\t\t<div class=\"elementor-container elementor-column-gap-default\">\n\t\t\t\t\t\t\t<div class=\"elementor-row\">\n\t\t\t\t\t<div class=\"elementor-column elementor-col-100 elementor-top-column elementor-element elementor-element-e7cd58a\" data-id=\"e7cd58a\" data-element_type=\"column\">\n\t\t\t<div class=\"elementor-column-wrap elementor-element-populated\">\n\t\t\t\t\t\t\t<div class=\"elementor-widget-wrap\">\n\t\t\t\t\t\t<div class=\"elementor-element elementor-element-fbbef16 elementor-widget elementor-widget-spacer\" data-id=\"fbbef16\" data-element_type=\"widget\" data-widget_type=\"spacer.default\">\n\t\t\t\t<div class=\"elementor-widget-container\">\n\t\t\t\t\t<div class=\"elementor-spacer\">\n\t\t\t<div class=\"elementor-spacer-inner\"><\/div>\n\t\t<\/div>\n\t\t\t\t<\/div>\n\t\t\t\t<\/div>\n\t\t\t\t\t\t<\/div>\n\t\t\t\t\t<\/div>\n\t\t<\/div>\n\t\t\t\t\t\t\t\t<\/div>\n\t\t\t\t\t<\/div>\n\t\t<\/section>\n\t\t\t\t\t\t<\/div>\n\t\t\t\t\t\t<\/div>\n\t\t\t\t\t<\/div>\n\t\t","protected":false},"excerpt":{"rendered":"","protected":false},"author":1,"featured_media":0,"parent":0,"menu_order":0,"comment_status":"closed","ping_status":"closed","template":"","meta":[],"yoast_head":"<!-- This site is optimized with the Yoast SEO plugin v15.7 - https:\/\/yoast.com\/wordpress\/plugins\/seo\/ -->\n<title>Je me connecte \u00e0 mon compte : Annonces Particuliers, \u00e9leveurs<\/title>\n<meta name=\"description\" content=\"Je me connecte \u00e0 mon compte Tout Chat Tout chien pour d\u00e9poser une annonce ou mettre des annonces en favori de Particuliers, \u00c9leveurs, Refuges\" \/>\n<meta name=\"robots\" content=\"noindex, follow, max-snippet:-1, max-image-preview:large, max-video-preview:-1\" \/>\n<meta property=\"og:locale\" content=\"fr_FR\" \/>\n<meta property=\"og:type\" content=\"article\" \/>\n<meta property=\"og:title\" content=\"Je me connecte \u00e0 mon compte : Annonces Particuliers, \u00e9leveurs\" \/>\n<meta property=\"og:description\" content=\"Je me connecte \u00e0 mon compte Tout Chat Tout chien pour d\u00e9poser une annonce ou mettre des annonces en favori de Particuliers, \u00c9leveurs, Refuges\" \/>\n<meta property=\"og:url\" content=\"https:\/\/delphcoachsportif.com\/test\/connexion\/\" \/>\n<meta property=\"og:site_name\" content=\"Tout chat Tout chien\" \/>\n<meta property=\"article:publisher\" content=\"https:\/\/www.facebook.com\/toutchattoutchien\/\" \/>\n<meta property=\"article:modified_time\" content=\"2021-02-04T12:54:53+00:00\" \/>\n<meta name=\"twitter:card\" content=\"summary_large_image\" \/>\n<meta name=\"twitter:label1\" content=\"Dur\u00e9e de lecture est.\">\n\t<meta name=\"twitter:data1\" content=\"1 minute\">\n<script type=\"application\/ld+json\" class=\"yoast-schema-graph\">{\"@context\":\"https:\/\/schema.org\",\"@graph\":[{\"@type\":\"Organization\",\"@id\":\"https:\/\/delphcoachsportif.com\/test\/#organization\",\"name\":\"Tout Chat Tout Chien\",\"url\":\"https:\/\/delphcoachsportif.com\/test\/\",\"sameAs\":[\"https:\/\/www.facebook.com\/toutchattoutchien\/\",\"https:\/\/www.instagram.com\/toutchatoutchien\/\"],\"logo\":{\"@type\":\"ImageObject\",\"@id\":\"https:\/\/delphcoachsportif.com\/test\/#logo\",\"inLanguage\":\"fr-FR\",\"url\":\"https:\/\/delphcoachsportif.com\/test\/wp-content\/uploads\/2020\/11\/Toutchattoutchien-70-1.png\",\"width\":229,\"height\":70,\"caption\":\"Tout Chat Tout Chien\"},\"image\":{\"@id\":\"https:\/\/delphcoachsportif.com\/test\/#logo\"}},{\"@type\":\"WebSite\",\"@id\":\"https:\/\/delphcoachsportif.com\/test\/#website\",\"url\":\"https:\/\/delphcoachsportif.com\/test\/\",\"name\":\"Tout chat Tout chien\",\"description\":\"L&#039;adoption et l&#039;achat responsable et bienveillant\",\"publisher\":{\"@id\":\"https:\/\/delphcoachsportif.com\/test\/#organization\"},\"potentialAction\":[{\"@type\":\"SearchAction\",\"target\":\"https:\/\/delphcoachsportif.com\/test\/?s={search_term_string}\",\"query-input\":\"required name=search_term_string\"}],\"inLanguage\":\"fr-FR\"},{\"@type\":\"WebPage\",\"@id\":\"https:\/\/delphcoachsportif.com\/test\/connexion\/#webpage\",\"url\":\"https:\/\/delphcoachsportif.com\/test\/connexion\/\",\"name\":\"Je me connecte \\u00e0 mon compte : Annonces Particuliers, \\u00e9leveurs\",\"isPartOf\":{\"@id\":\"https:\/\/delphcoachsportif.com\/test\/#website\"},\"datePublished\":\"2016-07-04T04:09:35+00:00\",\"dateModified\":\"2021-02-04T12:54:53+00:00\",\"description\":\"Je me connecte \\u00e0 mon compte Tout Chat Tout chien pour d\\u00e9poser une annonce ou mettre des annonces en favori de Particuliers, \\u00c9leveurs, Refuges\",\"inLanguage\":\"fr-FR\",\"potentialAction\":[{\"@type\":\"ReadAction\",\"target\":[\"https:\/\/delphcoachsportif.com\/test\/connexion\/\"]}]}]}<\/script>\n<!-- \/ Yoast SEO plugin. -->","_links":{"self":[{"href":"https:\/\/delphcoachsportif.com\/test\/wp-json\/wp\/v2\/pages\/100"}],"collection":[{"href":"https:\/\/delphcoachsportif.com\/test\/wp-json\/wp\/v2\/pages"}],"about":[{"href":"https:\/\/delphcoachsportif.com\/test\/wp-json\/wp\/v2\/types\/page"}],"author":[{"embeddable":true,"href":"https:\/\/delphcoachsportif.com\/test\/wp-json\/wp\/v2\/users\/1"}],"replies":[{"embeddable":true,"href":"https:\/\/delphcoachsportif.com\/test\/wp-json\/wp\/v2\/comments?post=100"}],"version-history":[{"count":6,"href":"https:\/\/delphcoachsportif.com\/test\/wp-json\/wp\/v2\/pages\/100\/revisions"}],"predecessor-version":[{"id":5558,"href":"https:\/\/delphcoachsportif.com\/test\/wp-json\/wp\/v2\/pages\/100\/revisions\/5558"}],"wp:attachment":[{"href":"https:\/\/delphcoachsportif.com\/test\/wp-json\/wp\/v2\/media?parent=100"}],"curies":[{"name":"wp","href":"https:\/\/api.w.org\/{rel}","templated":true}]}}