{"id":230,"date":"2016-08-17T00:37:09","date_gmt":"2016-08-17T00:37:09","guid":{"rendered":"http:\/\/classiads.designinvento.net\/elementor\/classiads-solic\/?page_id=230"},"modified":"2021-02-04T14:01:07","modified_gmt":"2021-02-04T13:01:07","slug":"register","status":"publish","type":"page","link":"https:\/\/delphcoachsportif.com\/test\/register\/","title":{"rendered":"register"},"content":{"rendered":"\t\t<div data-elementor-type=\"wp-page\" data-elementor-id=\"230\" class=\"elementor elementor-230\" data-elementor-settings=\"[]\">\n\t\t\t\t\t\t<div class=\"elementor-inner\">\n\t\t\t\t\t\t\t<div class=\"elementor-section-wrap\">\n\t\t\t\t\t\t\t<section class=\"elementor-section elementor-top-section elementor-element elementor-element-9f78d06 elementor-section-boxed elementor-section-height-default elementor-section-height-default\" data-id=\"9f78d06\" data-element_type=\"section\">\n\t\t\t\t\t\t<div class=\"elementor-container elementor-column-gap-default\">\n\t\t\t\t\t\t\t<div class=\"elementor-row\">\n\t\t\t\t\t<div class=\"elementor-column elementor-col-100 elementor-top-column elementor-element elementor-element-f437211\" data-id=\"f437211\" data-element_type=\"column\">\n\t\t\t<div class=\"elementor-column-wrap elementor-element-populated\">\n\t\t\t\t\t\t\t<div class=\"elementor-widget-wrap\">\n\t\t\t\t\t\t<div class=\"elementor-element elementor-element-43e5b77 elementor-widget elementor-widget-spacer\" data-id=\"43e5b77\" data-element_type=\"widget\" data-widget_type=\"spacer.default\">\n\t\t\t\t<div class=\"elementor-widget-container\">\n\t\t\t\t\t<div class=\"elementor-spacer\">\n\t\t\t<div class=\"elementor-spacer-inner\"><\/div>\n\t\t<\/div>\n\t\t\t\t<\/div>\n\t\t\t\t<\/div>\n\t\t\t\t\t\t<\/div>\n\t\t\t\t\t<\/div>\n\t\t<\/div>\n\t\t\t\t\t\t\t\t<\/div>\n\t\t\t\t\t<\/div>\n\t\t<\/section>\n\t\t\t\t<section class=\"elementor-section elementor-top-section elementor-element elementor-element-a765f3f elementor-section-boxed elementor-section-height-default elementor-section-height-default\" data-id=\"a765f3f\" data-element_type=\"section\">\n\t\t\t\t\t\t<div class=\"elementor-container elementor-column-gap-default\">\n\t\t\t\t\t\t\t<div class=\"elementor-row\">\n\t\t\t\t\t<div class=\"elementor-column elementor-col-25 elementor-top-column elementor-element elementor-element-cfdb20d\" data-id=\"cfdb20d\" data-element_type=\"column\">\n\t\t\t<div class=\"elementor-column-wrap\">\n\t\t\t\t\t\t\t<div class=\"elementor-widget-wrap\">\n\t\t\t\t\t\t\t\t<\/div>\n\t\t\t\t\t<\/div>\n\t\t<\/div>\n\t\t\t\t<div class=\"elementor-column elementor-col-50 elementor-top-column elementor-element elementor-element-cdf249c\" data-id=\"cdf249c\" data-element_type=\"column\">\n\t\t\t<div class=\"elementor-column-wrap elementor-element-populated\">\n\t\t\t\t\t\t\t<div class=\"elementor-widget-wrap\">\n\t\t\t\t\t\t<div class=\"elementor-element elementor-element-25317ef elementor-widget elementor-widget-dhe_form\" data-id=\"25317ef\" data-element_type=\"widget\" data-widget_type=\"dhe_form.default\">\n\t\t\t\t<div class=\"elementor-widget-container\">\n\t\t\t<div id=\"dheform-3830\"  class=\"dhe-form-container dhe-form-icon-pos- dhe-form- dhe-form-flat\">\n<div class=\"dhe-form-message dhe-form-message-top\" style=\"display:none\"><\/div>\n<form novalidate data-currency=\"USD\" data-currency_symbol=\"&#036;\" data-price_format=\"%s%v\"   data-scroll_to_msg=\"1\" data-ajax_reset_submit=\"1\" data-popup=\"0\" autocomplete=\"off\" data-use-ajax=\"1\" method=\"post\" class=\"dheform dheform-3830 dheform-action-default\" enctype=\"multipart\/form-data\" target=\"_self\" >\n<div class=\"dhe-form-inner\">\t\t<div data-elementor-type=\"dheform\" data-elementor-id=\"3830\" class=\"elementor elementor-3830\" data-elementor-settings=\"[]\">\n\t\t\t\t\t\t<div class=\"elementor-inner\">\n\t\t\t\t\t\t\t<div class=\"elementor-section-wrap\">\n\t\t\t\t\t\t\t<section class=\"elementor-section elementor-top-section elementor-element elementor-element-68cb3f2 elementor-section-boxed elementor-section-height-default elementor-section-height-default\" data-id=\"68cb3f2\" data-element_type=\"section\">\n\t\t\t\t\t\t<div class=\"elementor-container elementor-column-gap-default\">\n\t\t\t\t\t\t\t<div class=\"elementor-row\">\n\t\t\t\t\t<div class=\"elementor-column elementor-col-100 elementor-top-column elementor-element elementor-element-33c61b8\" data-id=\"33c61b8\" data-element_type=\"column\">\n\t\t\t<div class=\"elementor-column-wrap elementor-element-populated\">\n\t\t\t\t\t\t\t<div class=\"elementor-widget-wrap\">\n\t\t\t\t\t\t<div class=\"elementor-element elementor-element-fb2f9a2 elementor-widget elementor-widget-heading\" data-id=\"fb2f9a2\" data-element_type=\"widget\" data-widget_type=\"heading.default\">\n\t\t\t\t<div class=\"elementor-widget-container\">\n\t\t\t<h2 class=\"elementor-heading-title elementor-size-default\">JE M'INSCRIS !<\/h2>\t\t<\/div>\n\t\t\t\t<\/div>\n\t\t\t\t\t\t<\/div>\n\t\t\t\t\t<\/div>\n\t\t<\/div>\n\t\t\t\t\t\t\t\t<\/div>\n\t\t\t\t\t<\/div>\n\t\t<\/section>\n\t\t\t\t<section class=\"elementor-section elementor-top-section elementor-element elementor-element-77bb811 elementor-section-boxed elementor-section-height-default elementor-section-height-default\" data-id=\"77bb811\" data-element_type=\"section\">\n\t\t\t\t\t\t<div class=\"elementor-container elementor-column-gap-default\">\n\t\t\t\t\t\t\t<div class=\"elementor-row\">\n\t\t\t\t\t<div class=\"elementor-column elementor-col-100 elementor-top-column elementor-element elementor-element-f1c9856\" data-id=\"f1c9856\" data-element_type=\"column\">\n\t\t\t<div class=\"elementor-column-wrap elementor-element-populated\">\n\t\t\t\t\t\t\t<div class=\"elementor-widget-wrap\">\n\t\t\t\t\t\t<div class=\"elementor-element elementor-element-152ea9d elementor-widget elementor-widget-dhe_form_text\" data-id=\"152ea9d\" data-element_type=\"widget\" data-widget_type=\"dhe_form_text.default\">\n\t\t\t\t<div class=\"elementor-widget-container\">\n\t\t\t<div class=\"dhe-form-group dhe-form-user_login-box \">\n<div class=\"dhe-form-input  dhe-form-has-add-on\">\n<input  data-field-name=\"user_login\" autocomplete=\"off\" type=\"text\" id=\"dhe_form_control_user_login\" name=\"user_login\" value=\"\"   class=\"dhe-form-control dhe-form-control-user_login dhe-form-value dhe-form-required-entry \"  required aria-required=\"true\"  placeholder=\"Choisissez votre nom d'utilisateur\" >\n<span class=\"dhe-form-add-on\"><i class=\"fa fa-user\"><\/i><\/span>\n<\/div><span class=\"dhe-form-help\">Vous servira \u00e0 vous connecter<\/span>\n<\/div>\n\t\t<\/div>\n\t\t\t\t<\/div>\n\t\t\t\t\t\t<\/div>\n\t\t\t\t\t<\/div>\n\t\t<\/div>\n\t\t\t\t\t\t\t\t<\/div>\n\t\t\t\t\t<\/div>\n\t\t<\/section>\n\t\t\t\t<section class=\"elementor-section elementor-top-section elementor-element elementor-element-83942f5 elementor-section-boxed elementor-section-height-default elementor-section-height-default\" data-id=\"83942f5\" data-element_type=\"section\">\n\t\t\t\t\t\t<div class=\"elementor-container elementor-column-gap-default\">\n\t\t\t\t\t\t\t<div class=\"elementor-row\">\n\t\t\t\t\t<div class=\"elementor-column elementor-col-100 elementor-top-column elementor-element elementor-element-6b43f9c\" data-id=\"6b43f9c\" data-element_type=\"column\">\n\t\t\t<div class=\"elementor-column-wrap elementor-element-populated\">\n\t\t\t\t\t\t\t<div class=\"elementor-widget-wrap\">\n\t\t\t\t\t\t<div class=\"elementor-element elementor-element-55e2ed2 elementor-widget elementor-widget-dhe_form_email\" data-id=\"55e2ed2\" data-element_type=\"widget\" data-widget_type=\"dhe_form_email.default\">\n\t\t\t\t<div class=\"elementor-widget-container\">\n\t\t\t<div class=\"dhe-form-group dhe-form-user_email-box \">\n<div class=\"dhe-form-input  dhe-form-has-add-on\">\n<input data-field-name=\"user_email\" autocomplete=\"off\" type=\"email\" id=\"dhe_form_control_user_email\" name=\"user_email\" value=\"\"  class=\"dhe-form-control dhe-form-control-user_email dhe-form-value dhe-form-required-entry dhe-form-validate-email  \"  required aria-required=\"true\"  placeholder=\"Votre email\" >\n<span class=\"dhe-form-add-on\"><i class=\"fa fa-envelope\"><\/i><\/span>\n<\/div><\/div>\n\t\t<\/div>\n\t\t\t\t<\/div>\n\t\t\t\t\t\t<\/div>\n\t\t\t\t\t<\/div>\n\t\t<\/div>\n\t\t\t\t\t\t\t\t<\/div>\n\t\t\t\t\t<\/div>\n\t\t<\/section>\n\t\t\t\t<section class=\"elementor-section elementor-top-section elementor-element elementor-element-adecf4a elementor-section-boxed elementor-section-height-default elementor-section-height-default\" data-id=\"adecf4a\" data-element_type=\"section\">\n\t\t\t\t\t\t<div class=\"elementor-container elementor-column-gap-default\">\n\t\t\t\t\t\t\t<div class=\"elementor-row\">\n\t\t\t\t\t<div class=\"elementor-column elementor-col-100 elementor-top-column elementor-element elementor-element-cfcae38\" data-id=\"cfcae38\" data-element_type=\"column\">\n\t\t\t<div class=\"elementor-column-wrap elementor-element-populated\">\n\t\t\t\t\t\t\t<div class=\"elementor-widget-wrap\">\n\t\t\t\t\t\t<div class=\"elementor-element elementor-element-6c8eb7a elementor-widget elementor-widget-dhe_form_password\" data-id=\"6c8eb7a\" data-element_type=\"widget\" data-widget_type=\"dhe_form_password.default\">\n\t\t\t\t<div class=\"elementor-widget-container\">\n\t\t\t<div class=\"dhe-form-group dhe-form-user_password-box \">\n<div class=\"dhe-form-input  dhe-form-has-add-on\">\n<input data-field-name=\"user_password\" autocomplete=\"off\" type=\"password\" id=\"dhe_form_control_user_password\" name=\"user_password\" value=\"\"  class=\"dhe-form-control dhe-form-control-user_password dhe-form-value dhe-form-required-entry \"  required aria-required=\"true\"   placeholder=\"Mot de passe\" >\n<span class=\"dhe-form-add-on\"><i class=\"fa fa-lock\"><\/i><\/span>\n<\/div><\/div>\n\t\t<\/div>\n\t\t\t\t<\/div>\n\t\t\t\t\t\t<\/div>\n\t\t\t\t\t<\/div>\n\t\t<\/div>\n\t\t\t\t\t\t\t\t<\/div>\n\t\t\t\t\t<\/div>\n\t\t<\/section>\n\t\t\t\t<section class=\"elementor-section elementor-top-section elementor-element elementor-element-daa77cf elementor-section-boxed elementor-section-height-default elementor-section-height-default\" data-id=\"daa77cf\" data-element_type=\"section\">\n\t\t\t\t\t\t<div class=\"elementor-container elementor-column-gap-default\">\n\t\t\t\t\t\t\t<div class=\"elementor-row\">\n\t\t\t\t\t<div class=\"elementor-column elementor-col-100 elementor-top-column elementor-element elementor-element-929a133\" data-id=\"929a133\" data-element_type=\"column\">\n\t\t\t<div class=\"elementor-column-wrap elementor-element-populated\">\n\t\t\t\t\t\t\t<div class=\"elementor-widget-wrap\">\n\t\t\t\t\t\t<div class=\"elementor-element elementor-element-31f5a1f elementor-widget elementor-widget-dhe_form_password\" data-id=\"31f5a1f\" data-element_type=\"widget\" data-widget_type=\"dhe_form_password.default\">\n\t\t\t\t<div class=\"elementor-widget-container\">\n\t\t\t<div class=\"dhe-form-group dhe-form-cuser_password-box \">\n<div class=\"dhe-form-input  dhe-form-has-add-on\">\n<input data-field-name=\"cuser_password\" autocomplete=\"off\" type=\"password\" id=\"dhe_form_control_cuser_password\" name=\"cuser_password\" value=\"\"  class=\"dhe-form-control dhe-form-control-cuser_password dhe-form-value dhe-form-required-entry dhe-form-validate-password\"  required aria-required=\"true\"   placeholder=\"Retapez votre mot de passe\" >\n<span class=\"dhe-form-add-on\"><i class=\"fa fa-lock\"><\/i><\/span>\n<\/div><\/div>\n\t\t<\/div>\n\t\t\t\t<\/div>\n\t\t\t\t\t\t<\/div>\n\t\t\t\t\t<\/div>\n\t\t<\/div>\n\t\t\t\t\t\t\t\t<\/div>\n\t\t\t\t\t<\/div>\n\t\t<\/section>\n\t\t\t\t<section class=\"elementor-section elementor-top-section elementor-element elementor-element-c1463db elementor-section-boxed elementor-section-height-default elementor-section-height-default\" data-id=\"c1463db\" data-element_type=\"section\">\n\t\t\t\t\t\t<div class=\"elementor-container elementor-column-gap-default\">\n\t\t\t\t\t\t\t<div class=\"elementor-row\">\n\t\t\t\t\t<div class=\"elementor-column elementor-col-100 elementor-top-column elementor-element elementor-element-5180f98\" data-id=\"5180f98\" data-element_type=\"column\">\n\t\t\t<div class=\"elementor-column-wrap elementor-element-populated\">\n\t\t\t\t\t\t\t<div class=\"elementor-widget-wrap\">\n\t\t\t\t\t\t<div class=\"elementor-element elementor-element-f4cd458 elementor-align-justify elementor-widget elementor-widget-dhe_form_submit_button\" data-id=\"f4cd458\" data-element_type=\"widget\" data-widget_type=\"dhe_form_submit_button.default\">\n\t\t\t\t<div class=\"elementor-widget-container\">\n\t\t\t\r\n<div class=\"dhe-form-action \">\r\n\t<button type=\"submit\" class=\"button dhe-form-submit dhe-form-submit--size-\">\r\n\t\t<span class=\"dhe-form-submit-label\">Je m&#039;inscris<\/span>\r\n\t\t<span class=\"dhe-form-submit-spinner\">\r\n\t\t\t<svg version=\"1.1\" xmlns=\"http:\/\/www.w3.org\/2000\/svg\" xmlns:xlink=\"http:\/\/www.w3.org\/1999\/xlink\" x=\"0px\" y=\"0px\" viewBox=\"25 25 50 50\"  xml:space=\"preserve\">\r\n\t\t\t\t<circle class=\"path\" cx=\"50\" cy=\"50\" r=\"20\" stroke-dasharray=\"89, 200\" stroke=\"currentColor\" stroke-dashoffset=\"-35\" fill=\"none\" stroke-width=\"5\" stroke-miterlimit=\"10\"\/>\r\n\t\t\t<\/svg>\r\n\t\t<\/span>\r\n\t<\/button>\r\n<\/div>\t\t<\/div>\n\t\t\t\t<\/div>\n\t\t\t\t\t\t<\/div>\n\t\t\t\t\t<\/div>\n\t\t<\/div>\n\t\t\t\t\t\t\t\t<\/div>\n\t\t\t\t\t<\/div>\n\t\t<\/section>\n\t\t\t\t<section class=\"elementor-section elementor-top-section elementor-element elementor-element-67b87f7 elementor-section-boxed elementor-section-height-default elementor-section-height-default\" data-id=\"67b87f7\" data-element_type=\"section\">\n\t\t\t\t\t\t<div class=\"elementor-container elementor-column-gap-default\">\n\t\t\t\t\t\t\t<div class=\"elementor-row\">\n\t\t\t\t\t<div class=\"elementor-column elementor-col-100 elementor-top-column elementor-element elementor-element-065bcbc\" data-id=\"065bcbc\" data-element_type=\"column\">\n\t\t\t<div class=\"elementor-column-wrap elementor-element-populated\">\n\t\t\t\t\t\t\t<div class=\"elementor-widget-wrap\">\n\t\t\t\t\t\t<div class=\"elementor-element elementor-element-b88e6bc elementor-widget elementor-widget-text-editor\" data-id=\"b88e6bc\" data-element_type=\"widget\" data-widget_type=\"text-editor.default\">\n\t\t\t\t<div class=\"elementor-widget-container\">\n\t\t\t\t\t<div class=\"elementor-text-editor elementor-clearfix\"><p>Vous avez d\u00e9j\u00e0 un compte ? Cliquez-ici pour vous <a href=\"https:\/\/delphcoachsportif.com\/test\/login\/\" target=\"_blank\" rel=\"noopener\"><strong>Connecter<\/strong><\/a><\/p><\/div>\n\t\t\t\t<\/div>\n\t\t\t\t<\/div>\n\t\t\t\t\t\t<\/div>\n\t\t\t\t\t<\/div>\n\t\t<\/div>\n\t\t\t\t\t\t\t\t<\/div>\n\t\t\t\t\t<\/div>\n\t\t<\/section>\n\t\t\t\t\t\t<\/div>\n\t\t\t\t\t\t<\/div>\n\t\t\t\t\t<\/div>\n\t\t<\/div><div style=\"display: none;\">\n<input type=\"hidden\" name=\"action\" value=\"dhe_form_ajax\">\n<input type=\"hidden\" name=\"_dhe_form_action\" value=\"register\">\n<input type=\"hidden\" id=\"_dhe_form_hidden_fields\" name=\"_dhe_form_hidden_fields\" value=\"\">\n<input type=\"hidden\" name=\"_dhe_form_id\" value=\"3830\">\n<input type=\"hidden\" name=\"_dhe_form_url\" value=\"https:\/\/delphcoachsportif.com\/test\/wp-json\/wp\/v2\/pages\/230\">\n<input type=\"hidden\" name=\"_dhe_form_referer\" value=\"\">\n<input type=\"hidden\" name=\"_dhe_form_post_id\" value=\"230\">\n<input type=\"hidden\" name=\"_dhe_form_nonce\" value=\"ac4b04dff8\">\n<\/div>\n<\/form>\n<\/div>\n\t\t<\/div>\n\t\t\t\t<\/div>\n\t\t\t\t\t\t<\/div>\n\t\t\t\t\t<\/div>\n\t\t<\/div>\n\t\t\t\t<div class=\"elementor-column elementor-col-25 elementor-top-column elementor-element elementor-element-162d54a\" data-id=\"162d54a\" data-element_type=\"column\">\n\t\t\t<div class=\"elementor-column-wrap\">\n\t\t\t\t\t\t\t<div class=\"elementor-widget-wrap\">\n\t\t\t\t\t\t\t\t<\/div>\n\t\t\t\t\t<\/div>\n\t\t<\/div>\n\t\t\t\t\t\t\t\t<\/div>\n\t\t\t\t\t<\/div>\n\t\t<\/section>\n\t\t\t\t<section class=\"elementor-section elementor-top-section elementor-element elementor-element-23cc598 elementor-section-boxed elementor-section-height-default elementor-section-height-default\" data-id=\"23cc598\" data-element_type=\"section\">\n\t\t\t\t\t\t<div class=\"elementor-container elementor-column-gap-default\">\n\t\t\t\t\t\t\t<div class=\"elementor-row\">\n\t\t\t\t\t<div class=\"elementor-column elementor-col-100 elementor-top-column elementor-element elementor-element-af42b7d\" data-id=\"af42b7d\" data-element_type=\"column\">\n\t\t\t<div class=\"elementor-column-wrap elementor-element-populated\">\n\t\t\t\t\t\t\t<div class=\"elementor-widget-wrap\">\n\t\t\t\t\t\t<div class=\"elementor-element elementor-element-0f61e5f elementor-widget elementor-widget-spacer\" data-id=\"0f61e5f\" data-element_type=\"widget\" data-widget_type=\"spacer.default\">\n\t\t\t\t<div class=\"elementor-widget-container\">\n\t\t\t\t\t<div class=\"elementor-spacer\">\n\t\t\t<div class=\"elementor-spacer-inner\"><\/div>\n\t\t<\/div>\n\t\t\t\t<\/div>\n\t\t\t\t<\/div>\n\t\t\t\t\t\t<\/div>\n\t\t\t\t\t<\/div>\n\t\t<\/div>\n\t\t\t\t\t\t\t\t<\/div>\n\t\t\t\t\t<\/div>\n\t\t<\/section>\n\t\t\t\t\t\t<\/div>\n\t\t\t\t\t\t<\/div>\n\t\t\t\t\t<\/div>\n\t\t","protected":false},"excerpt":{"rendered":"","protected":false},"author":1,"featured_media":0,"parent":0,"menu_order":0,"comment_status":"closed","ping_status":"closed","template":"","meta":[],"yoast_head":"<!-- This site is optimized with the Yoast SEO plugin v15.7 - https:\/\/yoast.com\/wordpress\/plugins\/seo\/ -->\n<title>Cr\u00e9ation et gestion de votre compte Tout Chat Tout Chien<\/title>\n<meta name=\"description\" content=\"La cr\u00e9ation d&#039;un compte est gratuite et obligatoire pour d\u00e9poser une annonce ou mettre en favori. Cr\u00e9ez un compte en quelques secondes...\" \/>\n<meta name=\"robots\" content=\"noindex, follow, max-snippet:-1, max-image-preview:large, max-video-preview:-1\" \/>\n<meta property=\"og:locale\" content=\"fr_FR\" \/>\n<meta property=\"og:type\" content=\"article\" \/>\n<meta property=\"og:title\" content=\"Cr\u00e9ation et gestion de votre compte Tout Chat Tout Chien\" \/>\n<meta property=\"og:description\" content=\"La cr\u00e9ation d&#039;un compte est gratuite et obligatoire pour d\u00e9poser une annonce ou mettre en favori. Cr\u00e9ez un compte en quelques secondes...\" \/>\n<meta property=\"og:url\" content=\"https:\/\/delphcoachsportif.com\/test\/register\/\" \/>\n<meta property=\"og:site_name\" content=\"Tout chat Tout chien\" \/>\n<meta property=\"article:publisher\" content=\"https:\/\/www.facebook.com\/toutchattoutchien\/\" \/>\n<meta property=\"article:modified_time\" content=\"2021-02-04T13:01:07+00:00\" \/>\n<meta name=\"twitter:card\" content=\"summary_large_image\" \/>\n<meta name=\"twitter:label1\" content=\"Dur\u00e9e de lecture est.\">\n\t<meta name=\"twitter:data1\" content=\"1 minute\">\n<script type=\"application\/ld+json\" class=\"yoast-schema-graph\">{\"@context\":\"https:\/\/schema.org\",\"@graph\":[{\"@type\":\"Organization\",\"@id\":\"https:\/\/delphcoachsportif.com\/test\/#organization\",\"name\":\"Tout Chat Tout Chien\",\"url\":\"https:\/\/delphcoachsportif.com\/test\/\",\"sameAs\":[\"https:\/\/www.facebook.com\/toutchattoutchien\/\",\"https:\/\/www.instagram.com\/toutchatoutchien\/\"],\"logo\":{\"@type\":\"ImageObject\",\"@id\":\"https:\/\/delphcoachsportif.com\/test\/#logo\",\"inLanguage\":\"fr-FR\",\"url\":\"https:\/\/delphcoachsportif.com\/test\/wp-content\/uploads\/2020\/11\/Toutchattoutchien-70-1.png\",\"width\":229,\"height\":70,\"caption\":\"Tout Chat Tout Chien\"},\"image\":{\"@id\":\"https:\/\/delphcoachsportif.com\/test\/#logo\"}},{\"@type\":\"WebSite\",\"@id\":\"https:\/\/delphcoachsportif.com\/test\/#website\",\"url\":\"https:\/\/delphcoachsportif.com\/test\/\",\"name\":\"Tout chat Tout chien\",\"description\":\"L&#039;adoption et l&#039;achat responsable et bienveillant\",\"publisher\":{\"@id\":\"https:\/\/delphcoachsportif.com\/test\/#organization\"},\"potentialAction\":[{\"@type\":\"SearchAction\",\"target\":\"https:\/\/delphcoachsportif.com\/test\/?s={search_term_string}\",\"query-input\":\"required name=search_term_string\"}],\"inLanguage\":\"fr-FR\"},{\"@type\":\"WebPage\",\"@id\":\"https:\/\/delphcoachsportif.com\/test\/register\/#webpage\",\"url\":\"https:\/\/delphcoachsportif.com\/test\/register\/\",\"name\":\"Cr\\u00e9ation et gestion de votre compte Tout Chat Tout Chien\",\"isPartOf\":{\"@id\":\"https:\/\/delphcoachsportif.com\/test\/#website\"},\"datePublished\":\"2016-08-17T00:37:09+00:00\",\"dateModified\":\"2021-02-04T13:01:07+00:00\",\"description\":\"La cr\\u00e9ation d'un compte est gratuite et obligatoire pour d\\u00e9poser une annonce ou mettre en favori. Cr\\u00e9ez un compte en quelques secondes...\",\"inLanguage\":\"fr-FR\",\"potentialAction\":[{\"@type\":\"ReadAction\",\"target\":[\"https:\/\/delphcoachsportif.com\/test\/register\/\"]}]}]}<\/script>\n<!-- \/ Yoast SEO plugin. -->","_links":{"self":[{"href":"https:\/\/delphcoachsportif.com\/test\/wp-json\/wp\/v2\/pages\/230"}],"collection":[{"href":"https:\/\/delphcoachsportif.com\/test\/wp-json\/wp\/v2\/pages"}],"about":[{"href":"https:\/\/delphcoachsportif.com\/test\/wp-json\/wp\/v2\/types\/page"}],"author":[{"embeddable":true,"href":"https:\/\/delphcoachsportif.com\/test\/wp-json\/wp\/v2\/users\/1"}],"replies":[{"embeddable":true,"href":"https:\/\/delphcoachsportif.com\/test\/wp-json\/wp\/v2\/comments?post=230"}],"version-history":[{"count":1,"href":"https:\/\/delphcoachsportif.com\/test\/wp-json\/wp\/v2\/pages\/230\/revisions"}],"predecessor-version":[{"id":6145,"href":"https:\/\/delphcoachsportif.com\/test\/wp-json\/wp\/v2\/pages\/230\/revisions\/6145"}],"wp:attachment":[{"href":"https:\/\/delphcoachsportif.com\/test\/wp-json\/wp\/v2\/media?parent=230"}],"curies":[{"name":"wp","href":"https:\/\/api.w.org\/{rel}","templated":true}]}}