{"id":232,"date":"2016-08-17T00:38:14","date_gmt":"2016-08-17T00:38:14","guid":{"rendered":"http:\/\/classiads.designinvento.net\/elementor\/classiads-solic\/?page_id=232"},"modified":"2021-02-04T13:57:27","modified_gmt":"2021-02-04T12:57:27","slug":"forget-password","status":"publish","type":"page","link":"https:\/\/delphcoachsportif.com\/test\/forget-password\/","title":{"rendered":"forget password"},"content":{"rendered":"\t\t<div data-elementor-type=\"wp-page\" data-elementor-id=\"232\" class=\"elementor elementor-232\" data-elementor-settings=\"[]\">\n\t\t\t\t\t\t<div class=\"elementor-inner\">\n\t\t\t\t\t\t\t<div class=\"elementor-section-wrap\">\n\t\t\t\t\t\t\t<section class=\"elementor-section elementor-top-section elementor-element elementor-element-d1762db elementor-section-boxed elementor-section-height-default elementor-section-height-default\" data-id=\"d1762db\" data-element_type=\"section\">\n\t\t\t\t\t\t<div class=\"elementor-container elementor-column-gap-default\">\n\t\t\t\t\t\t\t<div class=\"elementor-row\">\n\t\t\t\t\t<div class=\"elementor-column elementor-col-100 elementor-top-column elementor-element elementor-element-26b1881\" data-id=\"26b1881\" data-element_type=\"column\">\n\t\t\t<div class=\"elementor-column-wrap elementor-element-populated\">\n\t\t\t\t\t\t\t<div class=\"elementor-widget-wrap\">\n\t\t\t\t\t\t<div class=\"elementor-element elementor-element-acecd10 elementor-widget elementor-widget-spacer\" data-id=\"acecd10\" data-element_type=\"widget\" data-widget_type=\"spacer.default\">\n\t\t\t\t<div class=\"elementor-widget-container\">\n\t\t\t\t\t<div class=\"elementor-spacer\">\n\t\t\t<div class=\"elementor-spacer-inner\"><\/div>\n\t\t<\/div>\n\t\t\t\t<\/div>\n\t\t\t\t<\/div>\n\t\t\t\t\t\t<\/div>\n\t\t\t\t\t<\/div>\n\t\t<\/div>\n\t\t\t\t\t\t\t\t<\/div>\n\t\t\t\t\t<\/div>\n\t\t<\/section>\n\t\t\t\t<section class=\"elementor-section elementor-top-section elementor-element elementor-element-93c07a6 elementor-section-boxed elementor-section-height-default elementor-section-height-default\" data-id=\"93c07a6\" data-element_type=\"section\">\n\t\t\t\t\t\t<div class=\"elementor-container elementor-column-gap-default\">\n\t\t\t\t\t\t\t<div class=\"elementor-row\">\n\t\t\t\t\t<div class=\"elementor-column elementor-col-25 elementor-top-column elementor-element elementor-element-677ae9e\" data-id=\"677ae9e\" data-element_type=\"column\">\n\t\t\t<div class=\"elementor-column-wrap\">\n\t\t\t\t\t\t\t<div class=\"elementor-widget-wrap\">\n\t\t\t\t\t\t\t\t<\/div>\n\t\t\t\t\t<\/div>\n\t\t<\/div>\n\t\t\t\t<div class=\"elementor-column elementor-col-50 elementor-top-column elementor-element elementor-element-c426524\" data-id=\"c426524\" data-element_type=\"column\">\n\t\t\t<div class=\"elementor-column-wrap elementor-element-populated\">\n\t\t\t\t\t\t\t<div class=\"elementor-widget-wrap\">\n\t\t\t\t\t\t<div class=\"elementor-element elementor-element-b079604 elementor-widget elementor-widget-dhe_form\" data-id=\"b079604\" data-element_type=\"widget\" data-widget_type=\"dhe_form.default\">\n\t\t\t\t<div class=\"elementor-widget-container\">\n\t\t\t<div id=\"dheform-3836\"  class=\"dhe-form-container dhe-form-icon-pos- dhe-form- dhe-form-flat\">\n<div class=\"dhe-form-message dhe-form-message-top\" style=\"display:none\"><\/div>\n<form novalidate data-currency=\"USD\" data-currency_symbol=\"&#036;\" data-price_format=\"%s%v\"   data-scroll_to_msg=\"1\" data-ajax_reset_submit=\"1\" data-popup=\"0\" autocomplete=\"off\" data-use-ajax=\"1\" method=\"post\" class=\"dheform dheform-3836 dheform-action-default\" enctype=\"multipart\/form-data\" target=\"_self\" >\n<div class=\"dhe-form-inner\">\t\t<div data-elementor-type=\"dheform\" data-elementor-id=\"3836\" class=\"elementor elementor-3836\" data-elementor-settings=\"[]\">\n\t\t\t\t\t\t<div class=\"elementor-inner\">\n\t\t\t\t\t\t\t<div class=\"elementor-section-wrap\">\n\t\t\t\t\t\t\t<section class=\"elementor-section elementor-top-section elementor-element elementor-element-f3927c0 elementor-section-boxed elementor-section-height-default elementor-section-height-default\" data-id=\"f3927c0\" data-element_type=\"section\">\n\t\t\t\t\t\t<div class=\"elementor-container elementor-column-gap-default\">\n\t\t\t\t\t\t\t<div class=\"elementor-row\">\n\t\t\t\t\t<div class=\"elementor-column elementor-col-100 elementor-top-column elementor-element elementor-element-886d70d\" data-id=\"886d70d\" data-element_type=\"column\">\n\t\t\t<div class=\"elementor-column-wrap elementor-element-populated\">\n\t\t\t\t\t\t\t<div class=\"elementor-widget-wrap\">\n\t\t\t\t\t\t<div class=\"elementor-element elementor-element-4ba3ed0 elementor-widget elementor-widget-heading\" data-id=\"4ba3ed0\" data-element_type=\"widget\" data-widget_type=\"heading.default\">\n\t\t\t\t<div class=\"elementor-widget-container\">\n\t\t\t<h2 class=\"elementor-heading-title elementor-size-default\">MOT DE PASSE OUBLIE<\/h2>\t\t<\/div>\n\t\t\t\t<\/div>\n\t\t\t\t\t\t<\/div>\n\t\t\t\t\t<\/div>\n\t\t<\/div>\n\t\t\t\t\t\t\t\t<\/div>\n\t\t\t\t\t<\/div>\n\t\t<\/section>\n\t\t\t\t<section class=\"elementor-section elementor-top-section elementor-element elementor-element-aae3992 elementor-section-boxed elementor-section-height-default elementor-section-height-default\" data-id=\"aae3992\" data-element_type=\"section\">\n\t\t\t\t\t\t<div class=\"elementor-container elementor-column-gap-default\">\n\t\t\t\t\t\t\t<div class=\"elementor-row\">\n\t\t\t\t\t<div class=\"elementor-column elementor-col-100 elementor-top-column elementor-element elementor-element-b4f7eb9\" data-id=\"b4f7eb9\" data-element_type=\"column\">\n\t\t\t<div class=\"elementor-column-wrap elementor-element-populated\">\n\t\t\t\t\t\t\t<div class=\"elementor-widget-wrap\">\n\t\t\t\t\t\t<div class=\"elementor-element elementor-element-973f38a elementor-widget elementor-widget-dhe_form_text\" data-id=\"973f38a\" data-element_type=\"widget\" data-widget_type=\"dhe_form_text.default\">\n\t\t\t\t<div class=\"elementor-widget-container\">\n\t\t\t<div class=\"dhe-form-group dhe-form-user_login-box \">\n<div class=\"dhe-form-input  dhe-form-has-add-on\">\n<input  data-field-name=\"user_login\" autocomplete=\"off\" type=\"text\" id=\"dhe_form_control_user_login\" name=\"user_login\" value=\"\"   class=\"dhe-form-control dhe-form-control-user_login dhe-form-value dhe-form-required-entry \"  required aria-required=\"true\"  placeholder=\"Email ou Nom d'utilisateur\" >\n<span class=\"dhe-form-add-on\"><i class=\"fa fa-user\"><\/i><\/span>\n<\/div><span class=\"dhe-form-help\"><br>Vous allez recevoir un email pour modifier votre mot de passe. <br>\n(V\u00e9rifiez vos spam si vous ne recevez pas l'email)<\/span>\n<\/div>\n\t\t<\/div>\n\t\t\t\t<\/div>\n\t\t\t\t<div class=\"elementor-element elementor-element-f522542 elementor-widget elementor-widget-spacer\" data-id=\"f522542\" data-element_type=\"widget\" data-widget_type=\"spacer.default\">\n\t\t\t\t<div class=\"elementor-widget-container\">\n\t\t\t\t\t<div class=\"elementor-spacer\">\n\t\t\t<div class=\"elementor-spacer-inner\"><\/div>\n\t\t<\/div>\n\t\t\t\t<\/div>\n\t\t\t\t<\/div>\n\t\t\t\t\t\t<\/div>\n\t\t\t\t\t<\/div>\n\t\t<\/div>\n\t\t\t\t\t\t\t\t<\/div>\n\t\t\t\t\t<\/div>\n\t\t<\/section>\n\t\t\t\t<section class=\"elementor-section elementor-top-section elementor-element elementor-element-a2aa0ea elementor-section-boxed elementor-section-height-default elementor-section-height-default\" data-id=\"a2aa0ea\" data-element_type=\"section\">\n\t\t\t\t\t\t<div class=\"elementor-container elementor-column-gap-default\">\n\t\t\t\t\t\t\t<div class=\"elementor-row\">\n\t\t\t\t\t<div class=\"elementor-column elementor-col-100 elementor-top-column elementor-element elementor-element-310d385\" data-id=\"310d385\" data-element_type=\"column\">\n\t\t\t<div class=\"elementor-column-wrap elementor-element-populated\">\n\t\t\t\t\t\t\t<div class=\"elementor-widget-wrap\">\n\t\t\t\t\t\t<div class=\"elementor-element elementor-element-de76507 elementor-align-justify elementor-mobile-align-justify elementor-widget elementor-widget-dhe_form_submit_button\" data-id=\"de76507\" data-element_type=\"widget\" data-widget_type=\"dhe_form_submit_button.default\">\n\t\t\t\t<div class=\"elementor-widget-container\">\n\t\t\t\r\n<div class=\"dhe-form-action \">\r\n\t<button type=\"submit\" class=\"button dhe-form-submit dhe-form-submit--size-sm\">\r\n\t\t<span class=\"dhe-form-submit-label\">REINITIALISER MON MON DE PASSE<\/span>\r\n\t\t<span class=\"dhe-form-submit-spinner\">\r\n\t\t\t<svg version=\"1.1\" xmlns=\"http:\/\/www.w3.org\/2000\/svg\" xmlns:xlink=\"http:\/\/www.w3.org\/1999\/xlink\" x=\"0px\" y=\"0px\" viewBox=\"25 25 50 50\"  xml:space=\"preserve\">\r\n\t\t\t\t<circle class=\"path\" cx=\"50\" cy=\"50\" r=\"20\" stroke-dasharray=\"89, 200\" stroke=\"currentColor\" stroke-dashoffset=\"-35\" fill=\"none\" stroke-width=\"5\" stroke-miterlimit=\"10\"\/>\r\n\t\t\t<\/svg>\r\n\t\t<\/span>\r\n\t<\/button>\r\n<\/div>\t\t<\/div>\n\t\t\t\t<\/div>\n\t\t\t\t\t\t<\/div>\n\t\t\t\t\t<\/div>\n\t\t<\/div>\n\t\t\t\t\t\t\t\t<\/div>\n\t\t\t\t\t<\/div>\n\t\t<\/section>\n\t\t\t\t\t\t<\/div>\n\t\t\t\t\t\t<\/div>\n\t\t\t\t\t<\/div>\n\t\t<\/div><div style=\"display: none;\">\n<input type=\"hidden\" name=\"action\" value=\"dhe_form_ajax\">\n<input type=\"hidden\" name=\"_dhe_form_action\" value=\"forgotten\">\n<input type=\"hidden\" id=\"_dhe_form_hidden_fields\" name=\"_dhe_form_hidden_fields\" value=\"\">\n<input type=\"hidden\" name=\"_dhe_form_id\" value=\"3836\">\n<input type=\"hidden\" name=\"_dhe_form_url\" value=\"https:\/\/delphcoachsportif.com\/test\/wp-json\/wp\/v2\/pages\/232\">\n<input type=\"hidden\" name=\"_dhe_form_referer\" value=\"\">\n<input type=\"hidden\" name=\"_dhe_form_post_id\" value=\"232\">\n<input type=\"hidden\" name=\"_dhe_form_nonce\" value=\"11254b2f25\">\n<\/div>\n<\/form>\n<\/div>\n\t\t<\/div>\n\t\t\t\t<\/div>\n\t\t\t\t\t\t<\/div>\n\t\t\t\t\t<\/div>\n\t\t<\/div>\n\t\t\t\t<div class=\"elementor-column elementor-col-25 elementor-top-column elementor-element elementor-element-6bbf9b4\" data-id=\"6bbf9b4\" data-element_type=\"column\">\n\t\t\t<div class=\"elementor-column-wrap\">\n\t\t\t\t\t\t\t<div class=\"elementor-widget-wrap\">\n\t\t\t\t\t\t\t\t<\/div>\n\t\t\t\t\t<\/div>\n\t\t<\/div>\n\t\t\t\t\t\t\t\t<\/div>\n\t\t\t\t\t<\/div>\n\t\t<\/section>\n\t\t\t\t<section class=\"elementor-section elementor-top-section elementor-element elementor-element-feb197c elementor-section-boxed elementor-section-height-default elementor-section-height-default\" data-id=\"feb197c\" data-element_type=\"section\">\n\t\t\t\t\t\t<div class=\"elementor-container elementor-column-gap-default\">\n\t\t\t\t\t\t\t<div class=\"elementor-row\">\n\t\t\t\t\t<div class=\"elementor-column elementor-col-100 elementor-top-column elementor-element elementor-element-96bd159\" data-id=\"96bd159\" data-element_type=\"column\">\n\t\t\t<div class=\"elementor-column-wrap elementor-element-populated\">\n\t\t\t\t\t\t\t<div class=\"elementor-widget-wrap\">\n\t\t\t\t\t\t<div class=\"elementor-element elementor-element-6ba8abb elementor-widget elementor-widget-spacer\" data-id=\"6ba8abb\" data-element_type=\"widget\" data-widget_type=\"spacer.default\">\n\t\t\t\t<div class=\"elementor-widget-container\">\n\t\t\t\t\t<div class=\"elementor-spacer\">\n\t\t\t<div class=\"elementor-spacer-inner\"><\/div>\n\t\t<\/div>\n\t\t\t\t<\/div>\n\t\t\t\t<\/div>\n\t\t\t\t\t\t<\/div>\n\t\t\t\t\t<\/div>\n\t\t<\/div>\n\t\t\t\t\t\t\t\t<\/div>\n\t\t\t\t\t<\/div>\n\t\t<\/section>\n\t\t\t\t\t\t<\/div>\n\t\t\t\t\t\t<\/div>\n\t\t\t\t\t<\/div>\n\t\t","protected":false},"excerpt":{"rendered":"","protected":false},"author":1,"featured_media":0,"parent":0,"menu_order":0,"comment_status":"closed","ping_status":"closed","template":"","meta":[],"yoast_head":"<!-- This site is optimized with the Yoast SEO plugin v15.7 - https:\/\/yoast.com\/wordpress\/plugins\/seo\/ -->\n<title>Mot de passe oubli\u00e9 - Tout Chat Tout Chien - Nouveau mot de passe<\/title>\n<meta name=\"description\" content=\"G\u00e9n\u00e9rez un nouveau mot de passe s\u00e9curis\u00e9 pour voir les annonces Tout Chat Tout Chien, l&#039;adoption et l&#039;achat responsable et bienveillant\" \/>\n<meta name=\"robots\" content=\"noindex, follow, max-snippet:-1, max-image-preview:large, max-video-preview:-1\" \/>\n<meta property=\"og:locale\" content=\"fr_FR\" \/>\n<meta property=\"og:type\" content=\"article\" \/>\n<meta property=\"og:title\" content=\"Mot de passe oubli\u00e9 - Tout Chat Tout Chien - Nouveau mot de passe\" \/>\n<meta property=\"og:description\" content=\"G\u00e9n\u00e9rez un nouveau mot de passe s\u00e9curis\u00e9 pour voir les annonces Tout Chat Tout Chien, l&#039;adoption et l&#039;achat responsable et bienveillant\" \/>\n<meta property=\"og:url\" content=\"https:\/\/delphcoachsportif.com\/test\/forget-password\/\" \/>\n<meta property=\"og:site_name\" content=\"Tout chat Tout chien\" \/>\n<meta property=\"article:publisher\" content=\"https:\/\/www.facebook.com\/toutchattoutchien\/\" \/>\n<meta property=\"article:modified_time\" content=\"2021-02-04T12:57:27+00:00\" \/>\n<meta name=\"twitter:card\" content=\"summary_large_image\" \/>\n<meta name=\"twitter:label1\" content=\"Dur\u00e9e de lecture est.\">\n\t<meta name=\"twitter:data1\" content=\"1 minute\">\n<script type=\"application\/ld+json\" class=\"yoast-schema-graph\">{\"@context\":\"https:\/\/schema.org\",\"@graph\":[{\"@type\":\"Organization\",\"@id\":\"https:\/\/delphcoachsportif.com\/test\/#organization\",\"name\":\"Tout Chat Tout Chien\",\"url\":\"https:\/\/delphcoachsportif.com\/test\/\",\"sameAs\":[\"https:\/\/www.facebook.com\/toutchattoutchien\/\",\"https:\/\/www.instagram.com\/toutchatoutchien\/\"],\"logo\":{\"@type\":\"ImageObject\",\"@id\":\"https:\/\/delphcoachsportif.com\/test\/#logo\",\"inLanguage\":\"fr-FR\",\"url\":\"https:\/\/delphcoachsportif.com\/test\/wp-content\/uploads\/2020\/11\/Toutchattoutchien-70-1.png\",\"width\":229,\"height\":70,\"caption\":\"Tout Chat Tout Chien\"},\"image\":{\"@id\":\"https:\/\/delphcoachsportif.com\/test\/#logo\"}},{\"@type\":\"WebSite\",\"@id\":\"https:\/\/delphcoachsportif.com\/test\/#website\",\"url\":\"https:\/\/delphcoachsportif.com\/test\/\",\"name\":\"Tout chat Tout chien\",\"description\":\"L&#039;adoption et l&#039;achat responsable et bienveillant\",\"publisher\":{\"@id\":\"https:\/\/delphcoachsportif.com\/test\/#organization\"},\"potentialAction\":[{\"@type\":\"SearchAction\",\"target\":\"https:\/\/delphcoachsportif.com\/test\/?s={search_term_string}\",\"query-input\":\"required name=search_term_string\"}],\"inLanguage\":\"fr-FR\"},{\"@type\":\"WebPage\",\"@id\":\"https:\/\/delphcoachsportif.com\/test\/forget-password\/#webpage\",\"url\":\"https:\/\/delphcoachsportif.com\/test\/forget-password\/\",\"name\":\"Mot de passe oubli\\u00e9 - Tout Chat Tout Chien - Nouveau mot de passe\",\"isPartOf\":{\"@id\":\"https:\/\/delphcoachsportif.com\/test\/#website\"},\"datePublished\":\"2016-08-17T00:38:14+00:00\",\"dateModified\":\"2021-02-04T12:57:27+00:00\",\"description\":\"G\\u00e9n\\u00e9rez un nouveau mot de passe s\\u00e9curis\\u00e9 pour voir les annonces Tout Chat Tout Chien, l'adoption et l'achat responsable et bienveillant\",\"inLanguage\":\"fr-FR\",\"potentialAction\":[{\"@type\":\"ReadAction\",\"target\":[\"https:\/\/delphcoachsportif.com\/test\/forget-password\/\"]}]}]}<\/script>\n<!-- \/ Yoast SEO plugin. -->","_links":{"self":[{"href":"https:\/\/delphcoachsportif.com\/test\/wp-json\/wp\/v2\/pages\/232"}],"collection":[{"href":"https:\/\/delphcoachsportif.com\/test\/wp-json\/wp\/v2\/pages"}],"about":[{"href":"https:\/\/delphcoachsportif.com\/test\/wp-json\/wp\/v2\/types\/page"}],"author":[{"embeddable":true,"href":"https:\/\/delphcoachsportif.com\/test\/wp-json\/wp\/v2\/users\/1"}],"replies":[{"embeddable":true,"href":"https:\/\/delphcoachsportif.com\/test\/wp-json\/wp\/v2\/comments?post=232"}],"version-history":[{"count":2,"href":"https:\/\/delphcoachsportif.com\/test\/wp-json\/wp\/v2\/pages\/232\/revisions"}],"predecessor-version":[{"id":6287,"href":"https:\/\/delphcoachsportif.com\/test\/wp-json\/wp\/v2\/pages\/232\/revisions\/6287"}],"wp:attachment":[{"href":"https:\/\/delphcoachsportif.com\/test\/wp-json\/wp\/v2\/media?parent=232"}],"curies":[{"name":"wp","href":"https:\/\/api.w.org\/{rel}","templated":true}]}}