{"id":4104,"date":"2020-11-10T13:46:22","date_gmt":"2020-11-10T12:46:22","guid":{"rendered":"https:\/\/delphcoachsportif.com\/test\/?page_id=4104"},"modified":"2021-02-03T15:39:19","modified_gmt":"2021-02-03T14:39:19","slug":"le-mag-animaux-toutchattoutchien","status":"publish","type":"page","link":"https:\/\/delphcoachsportif.com\/test\/le-mag-animaux-toutchattoutchien\/","title":{"rendered":"Le Mag&#8217;Animaux Tout Chat Tout Chien"},"content":{"rendered":"\t\t<div data-elementor-type=\"wp-page\" data-elementor-id=\"4104\" class=\"elementor elementor-4104\" data-elementor-settings=\"[]\">\n\t\t\t\t\t\t<div class=\"elementor-inner\">\n\t\t\t\t\t\t\t<div class=\"elementor-section-wrap\">\n\t\t\t\t\t\t\t<section class=\"elementor-section elementor-top-section elementor-element elementor-element-118ad8e6 elementor-section-boxed elementor-section-height-default elementor-section-height-default\" data-id=\"118ad8e6\" data-element_type=\"section\">\n\t\t\t\t\t\t<div class=\"elementor-container elementor-column-gap-default\">\n\t\t\t\t\t\t\t<div class=\"elementor-row\">\n\t\t\t\t\t<div class=\"elementor-column elementor-col-100 elementor-top-column elementor-element elementor-element-319b110e\" data-id=\"319b110e\" data-element_type=\"column\">\n\t\t\t<div class=\"elementor-column-wrap elementor-element-populated\">\n\t\t\t\t\t\t\t<div class=\"elementor-widget-wrap\">\n\t\t\t\t\t\t<section class=\"elementor-section elementor-inner-section elementor-element elementor-element-8b81123 elementor-section-boxed elementor-section-height-default elementor-section-height-default\" data-id=\"8b81123\" data-element_type=\"section\">\n\t\t\t\t\t\t<div class=\"elementor-container elementor-column-gap-default\">\n\t\t\t\t\t\t\t<div class=\"elementor-row\">\n\t\t\t\t\t<div class=\"elementor-column elementor-col-100 elementor-inner-column elementor-element elementor-element-c222cf7\" data-id=\"c222cf7\" data-element_type=\"column\">\n\t\t\t<div class=\"elementor-column-wrap elementor-element-populated\">\n\t\t\t\t\t\t\t<div class=\"elementor-widget-wrap\">\n\t\t\t\t\t\t<div class=\"elementor-element elementor-element-c427fc0 elementor-widget elementor-widget-wp-widget-custom_html\" data-id=\"c427fc0\" data-element_type=\"widget\" data-widget_type=\"wp-widget-custom_html.default\">\n\t\t\t\t<div class=\"elementor-widget-container\">\n\t\t\t<div class=\"textwidget custom-html-widget\"><\/div>\t\t<\/div>\n\t\t\t\t<\/div>\n\t\t\t\t\t\t<\/div>\n\t\t\t\t\t<\/div>\n\t\t<\/div>\n\t\t\t\t\t\t\t\t<\/div>\n\t\t\t\t\t<\/div>\n\t\t<\/section>\n\t\t\t\t\t\t<\/div>\n\t\t\t\t\t<\/div>\n\t\t<\/div>\n\t\t\t\t\t\t\t\t<\/div>\n\t\t\t\t\t<\/div>\n\t\t<\/section>\n\t\t\t\t<section class=\"elementor-section elementor-top-section elementor-element elementor-element-c9e9235 elementor-section-boxed elementor-section-height-default elementor-section-height-default\" data-id=\"c9e9235\" data-element_type=\"section\">\n\t\t\t\t\t\t<div class=\"elementor-container elementor-column-gap-default\">\n\t\t\t\t\t\t\t<div class=\"elementor-row\">\n\t\t\t\t\t<div class=\"elementor-column elementor-col-100 elementor-top-column elementor-element elementor-element-1772b23\" data-id=\"1772b23\" data-element_type=\"column\">\n\t\t\t<div class=\"elementor-column-wrap elementor-element-populated\">\n\t\t\t\t\t\t\t<div class=\"elementor-widget-wrap\">\n\t\t\t\t\t\t<div class=\"elementor-element elementor-element-0d96efa elementor-widget elementor-widget-pacz_posts\" data-id=\"0d96efa\" data-element_type=\"widget\" data-widget_type=\"pacz_posts.default\">\n\t\t\t\t<div class=\"elementor-widget-container\">\n\t\t\t<div><div class=\"loop-main-wrapper\"><section id=\"pacz-blog-loop-69f27eb5da296\" data-style=\"tile\" data-uniqid=\"1409305847\" class=\"row pacz-blog-container clearfix pacz-tile-wrapper mag-one-column page-nav-style \">\n<article id=\"entry-5340\" class=\"blog-tile-entry tile- pacz-isotop-item two-column image-post-type\"><div class=\"item-holder\"><div class=\"featured-image\"><div class=\"grid-image-inner\"><img loading=\"lazy\" alt=\"Les 5 astuces pour bien dresser mon chien\" class=\"item-featured-image\" width=\"370\" height=\"260\" title=\"Les 5 astuces pour bien dresser mon chien\" src=\"https:\/\/delphcoachsportif.com\/test\/wp-content\/uploads\/bfi_thumb\/dresser-son-chien-450-p26etartthftau7l95jkymdbobr0cxwqf1ror410vc.jpg\" itemprop=\"image\" \/><div class=\"hover-overlay\"><\/div><\/div><\/div><div class=\"blog-entry-heading\"><h5 class=\"blog-title\"><a href=\"https:\/\/delphcoachsportif.com\/test\/les-5-astuces-pour-bien-dresser-mon-chien\/\">Les 5 astuces pour bien dresser mon chien<\/a><\/h5><\/div><span class=\"metatime\" itemprop=\"datePublished\"><a href=\"https:\/\/delphcoachsportif.com\/test\/2021\/01\/\">25 janvier 2021<\/a><\/span><div class=\"blog-excerpt\">Vous avez saut\u00e9 le pas et vivez maintenant en compagnie de votre chien, la question du dressage arrive alors sur le ...<\/div><div class=\"blog-readmore-btn\"><a class=\"dynamic-btn\" title=\"Les 5 astuces pour bien dresser mon chien\" href=\"https:\/\/delphcoachsportif.com\/test\/les-5-astuces-pour-bien-dresser-mon-chien\/\">En lire plus<i class=\"pacz-icon-long-arrow-right\"><\/i><\/a><\/div><\/div><\/article><article id=\"entry-5229\" class=\"blog-tile-entry tile- pacz-isotop-item two-column image-post-type\"><div class=\"item-holder\"><div class=\"featured-image\"><div class=\"grid-image-inner\"><img loading=\"lazy\" alt=\"Combien co\u00fbte un chat \u00e0 l&#8217;achat et \u00e0 l&#8217;ann\u00e9e ?\" class=\"item-featured-image\" width=\"370\" height=\"260\" title=\"Combien co\u00fbte un chat \u00e0 l&#8217;achat et \u00e0 l&#8217;ann\u00e9e ?\" src=\"https:\/\/delphcoachsportif.com\/test\/wp-content\/uploads\/bfi_thumb\/combien-coute-un-chat-p26ff6gkwne3k2ffhm0y03llh7wljarsrcgkwzl414.jpg\" itemprop=\"image\" \/><div class=\"hover-overlay\"><\/div><\/div><\/div><div class=\"blog-entry-heading\"><h5 class=\"blog-title\"><a href=\"https:\/\/delphcoachsportif.com\/test\/combiencouteunchatalachatetalannee\/\">Combien co\u00fbte un chat \u00e0 l&#8217;achat et \u00e0 l&#8217;ann\u00e9e ?<\/a><\/h5><\/div><span class=\"metatime\" itemprop=\"datePublished\"><a href=\"https:\/\/delphcoachsportif.com\/test\/2021\/01\/\">13 janvier 2021<\/a><\/span><div class=\"blog-excerpt\">Les chats sont les animaux de compagnie les plus pr\u00e9sents dans nos foyers. Chats de race ou chats de goutti\u00e8re, ils ...<\/div><div class=\"blog-readmore-btn\"><a class=\"dynamic-btn\" title=\"Combien co\u00fbte un chat \u00e0 l&#8217;achat et \u00e0 l&#8217;ann\u00e9e ?\" href=\"https:\/\/delphcoachsportif.com\/test\/combiencouteunchatalachatetalannee\/\">En lire plus<i class=\"pacz-icon-long-arrow-right\"><\/i><\/a><\/div><\/div><\/article><article id=\"entry-5212\" class=\"blog-tile-entry tile- pacz-isotop-item two-column image-post-type\"><div class=\"item-holder\"><div class=\"featured-image\"><div class=\"grid-image-inner\"><img loading=\"lazy\" alt=\"Adopter un chat : les 10 conseils\" class=\"item-featured-image\" width=\"370\" height=\"260\" title=\"Adopter un chat : les 10 conseils\" src=\"https:\/\/delphcoachsportif.com\/test\/wp-content\/uploads\/bfi_thumb\/adopter-un-chat-2-p26ffmfu4tzz1fs7waxlohkfkrpu65j8hjju2oxf3c.jpg\" itemprop=\"image\" \/><div class=\"hover-overlay\"><\/div><\/div><\/div><div class=\"blog-entry-heading\"><h5 class=\"blog-title\"><a href=\"https:\/\/delphcoachsportif.com\/test\/conseils-adopter-un-chat\/\">Adopter un chat : les 10 conseils<\/a><\/h5><\/div><span class=\"metatime\" itemprop=\"datePublished\"><a href=\"https:\/\/delphcoachsportif.com\/test\/2021\/01\/\">4 janvier 2021<\/a><\/span><div class=\"blog-excerpt\">Vous souhaitez adopter un chat pour la premi\u00e8re fois et vous ne savez pas si vous \u00eates vraiment pr\u00eat(e) pour cela ? ...<\/div><div class=\"blog-readmore-btn\"><a class=\"dynamic-btn\" title=\"Adopter un chat : les 10 conseils\" href=\"https:\/\/delphcoachsportif.com\/test\/conseils-adopter-un-chat\/\">En lire plus<i class=\"pacz-icon-long-arrow-right\"><\/i><\/a><\/div><\/div><\/article><article id=\"entry-5195\" class=\"blog-tile-entry tile- pacz-isotop-item two-column image-post-type\"><div class=\"item-holder\"><div class=\"featured-image\"><div class=\"grid-image-inner\"><img loading=\"lazy\" alt=\"La Charte de l&#8217;acqu\u00e9reur responsable Tout Chat Tout Chien\" class=\"item-featured-image\" width=\"370\" height=\"260\" title=\"La Charte de l&#8217;acqu\u00e9reur responsable Tout Chat Tout Chien\" src=\"https:\/\/delphcoachsportif.com\/test\/wp-content\/uploads\/bfi_thumb\/charte-acquereur-responsable-toutchat-toutchien-p2k3xhiph0ufte61y4uj8f2ohzh7nnv247vozsolgo.jpg\" itemprop=\"image\" \/><div class=\"hover-overlay\"><\/div><\/div><\/div><div class=\"blog-entry-heading\"><h5 class=\"blog-title\"><a href=\"https:\/\/delphcoachsportif.com\/test\/charte-de-acquereur-responable-toutchattoutchien\/\">La Charte de l&#8217;acqu\u00e9reur responsable Tout Chat Tout Chien<\/a><\/h5><\/div><span class=\"metatime\" itemprop=\"datePublished\"><a href=\"https:\/\/delphcoachsportif.com\/test\/2020\/12\/\">31 d\u00e9cembre 2020<\/a><\/span><div class=\"blog-excerpt\">En r\u00e9digeant cette charte, nous avons souhait\u00e9 nous engager avec vous dans l\u2019acquisition de votre animal. Nous ...<\/div><div class=\"blog-readmore-btn\"><a class=\"dynamic-btn\" title=\"La Charte de l&#8217;acqu\u00e9reur responsable Tout Chat Tout Chien\" href=\"https:\/\/delphcoachsportif.com\/test\/charte-de-acquereur-responable-toutchattoutchien\/\">En lire plus<i class=\"pacz-icon-long-arrow-right\"><\/i><\/a><\/div><\/div><\/article><article id=\"entry-5153\" class=\"blog-tile-entry tile- pacz-isotop-item two-column image-post-type\"><div class=\"item-holder\"><div class=\"featured-image\"><div class=\"grid-image-inner\"><img loading=\"lazy\" alt=\"Chat m\u00e2le ou chat femelle : que choisir ?\" class=\"item-featured-image\" width=\"370\" height=\"260\" title=\"Chat m\u00e2le ou chat femelle : que choisir ?\" src=\"https:\/\/delphcoachsportif.com\/test\/wp-content\/uploads\/bfi_thumb\/chat-male-chat-femelle-que-choisir-p26ffex4m5pogk3547ol4jgqtoqwgkpdsiby8h8kh4.jpg\" itemprop=\"image\" \/><div class=\"hover-overlay\"><\/div><\/div><\/div><div class=\"blog-entry-heading\"><h5 class=\"blog-title\"><a href=\"https:\/\/delphcoachsportif.com\/test\/choisir-un-male-ou-une-femelle-chat\/\">Chat m\u00e2le ou chat femelle : que choisir ?<\/a><\/h5><\/div><span class=\"metatime\" itemprop=\"datePublished\"><a href=\"https:\/\/delphcoachsportif.com\/test\/2020\/12\/\">30 d\u00e9cembre 2020<\/a><\/span><div class=\"blog-excerpt\">Apr\u00e8s m\u00fbre r\u00e9flexion, vous \u00eates pr\u00eat(e) \u00e0 adopter ou acqu\u00e9rir un chaton et lui faire une place dans votre foyer ...<\/div><div class=\"blog-readmore-btn\"><a class=\"dynamic-btn\" title=\"Chat m\u00e2le ou chat femelle : que choisir ?\" href=\"https:\/\/delphcoachsportif.com\/test\/choisir-un-male-ou-une-femelle-chat\/\">En lire plus<i class=\"pacz-icon-long-arrow-right\"><\/i><\/a><\/div><\/div><\/article><article id=\"entry-5150\" class=\"blog-tile-entry tile- pacz-isotop-item two-column image-post-type\"><div class=\"item-holder\"><div class=\"featured-image\"><div class=\"grid-image-inner\"><img loading=\"lazy\" alt=\"Les 5 questions \u00e0 poser \u00e0 un \u00e9leveur\" class=\"item-featured-image\" width=\"370\" height=\"260\" title=\"Les 5 questions \u00e0 poser \u00e0 un \u00e9leveur\" src=\"https:\/\/delphcoachsportif.com\/test\/wp-content\/uploads\/bfi_thumb\/les-5-questions-a-poser-a-un-eleveur-p26ffkk5r5xee7uy7a4cji1idzz3qrbrta8v4507fs.jpg\" itemprop=\"image\" \/><div class=\"hover-overlay\"><\/div><\/div><\/div><div class=\"blog-entry-heading\"><h5 class=\"blog-title\"><a href=\"https:\/\/delphcoachsportif.com\/test\/les-5-questions-a-poser-a-un-eleveur-pour-choisir-votre-chien\/\">Les 5 questions \u00e0 poser \u00e0 un \u00e9leveur<\/a><\/h5><\/div><span class=\"metatime\" itemprop=\"datePublished\"><a href=\"https:\/\/delphcoachsportif.com\/test\/2020\/12\/\">30 d\u00e9cembre 2020<\/a><\/span><div class=\"blog-excerpt\">Vous \u00eates pr\u00eat \u00e0 acqu\u00e9rir un chien, vous avez commenc\u00e9 votre recherche et peut-\u00eatre avez d\u00e9j\u00e0 trouv\u00e9 l\u2019animal que ...<\/div><div class=\"blog-readmore-btn\"><a class=\"dynamic-btn\" title=\"Les 5 questions \u00e0 poser \u00e0 un \u00e9leveur\" href=\"https:\/\/delphcoachsportif.com\/test\/les-5-questions-a-poser-a-un-eleveur-pour-choisir-votre-chien\/\">En lire plus<i class=\"pacz-icon-long-arrow-right\"><\/i><\/a><\/div><\/div><\/article><article id=\"entry-5113\" class=\"blog-tile-entry tile- pacz-isotop-item two-column image-post-type\"><div class=\"item-holder\"><div class=\"featured-image\"><div class=\"grid-image-inner\"><img loading=\"lazy\" alt=\"TEST : Etes-vous pr\u00eat \u00e0 avoir un chien ?\" class=\"item-featured-image\" width=\"370\" height=\"260\" title=\"TEST : Etes-vous pr\u00eat \u00e0 avoir un chien ?\" src=\"https:\/\/delphcoachsportif.com\/test\/wp-content\/uploads\/bfi_thumb\/Etes-vous-pret-a-adopter-un-chien-p26ffgsszts93s0et8hu9izo0ghmvywugrmx715s4o.jpg\" itemprop=\"image\" \/><div class=\"hover-overlay\"><\/div><\/div><\/div><div class=\"blog-entry-heading\"><h5 class=\"blog-title\"><a href=\"https:\/\/delphcoachsportif.com\/test\/etes-vous-pret-a-avoir-un-chien\/\">TEST : Etes-vous pr\u00eat \u00e0 avoir un chien ?<\/a><\/h5><\/div><span class=\"metatime\" itemprop=\"datePublished\"><a href=\"https:\/\/delphcoachsportif.com\/test\/2020\/12\/\">30 d\u00e9cembre 2020<\/a><\/span><div class=\"blog-excerpt\">Vous avez envie d&#8217;avoir un chien mais finalement \u00eates vous pr\u00eat \u00e0 avoir un chien? Avez-vous bien r\u00e9fl\u00e9chi \u00e0 ...<\/div><div class=\"blog-readmore-btn\"><a class=\"dynamic-btn\" title=\"TEST : Etes-vous pr\u00eat \u00e0 avoir un chien ?\" href=\"https:\/\/delphcoachsportif.com\/test\/etes-vous-pret-a-avoir-un-chien\/\">En lire plus<i class=\"pacz-icon-long-arrow-right\"><\/i><\/a><\/div><\/div><\/article><article id=\"entry-5090\" class=\"blog-tile-entry tile- pacz-isotop-item two-column image-post-type\"><div class=\"item-holder\"><div class=\"featured-image\"><div class=\"grid-image-inner\"><img loading=\"lazy\" alt=\"Les 7 questions \u00e0 se poser avant d&#8217;adopter ou acheter un chien\" class=\"item-featured-image\" width=\"370\" height=\"260\" title=\"Les 7 questions \u00e0 se poser avant d&#8217;adopter ou acheter un chien\" src=\"https:\/\/delphcoachsportif.com\/test\/wp-content\/uploads\/bfi_thumb\/7-questions-a-se-poser-avant-dadopter-un-chien-p26ffc3m1nlthq78kogpf26d1j4sthe6s4dhsncqzs.jpg\" itemprop=\"image\" \/><div class=\"hover-overlay\"><\/div><\/div><\/div><div class=\"blog-entry-heading\"><h5 class=\"blog-title\"><a href=\"https:\/\/delphcoachsportif.com\/test\/les-7-questions-a-se-poser-avant-dacquerir-un-chien-ou-un-chiot\/\">Les 7 questions \u00e0 se poser avant d&#8217;adopter ou acheter un chien<\/a><\/h5><\/div><span class=\"metatime\" itemprop=\"datePublished\"><a href=\"https:\/\/delphcoachsportif.com\/test\/2020\/12\/\">29 d\u00e9cembre 2020<\/a><\/span><div class=\"blog-excerpt\">Acqu\u00e9rir un chien est une forte responsabilit\u00e9 alors avant de vous lancer, r\u00e9pondez aux 10 questions indispensables ...<\/div><div class=\"blog-readmore-btn\"><a class=\"dynamic-btn\" title=\"Les 7 questions \u00e0 se poser avant d&#8217;adopter ou acheter un chien\" href=\"https:\/\/delphcoachsportif.com\/test\/les-7-questions-a-se-poser-avant-dacquerir-un-chien-ou-un-chiot\/\">En lire plus<i class=\"pacz-icon-long-arrow-right\"><\/i><\/a><\/div><\/div><\/article><\/section><div class=\"clearboth\"><\/div><a class=\"pacz-loadmore-button\" style=\"display:none;\" href=\"#\"><i class=\"pacz-icon-circle-o-notch\"><\/i><i class=\"pacz-icon-chevron-down\"><\/i><\/a><div class=\"pacz-pagination\">\n<ul><li><span class=\"current-page\">1<\/span><\/li><li><a href=\"https:\/\/delphcoachsportif.com\/test\/wp-json\/wp\/v2\/pages\/4104\/page\/2\/\" class=\"page-number\" title=\"2\">2<\/a><\/li><\/ul><div class=\"pacz-pagination-next\"><div><a href=\"https:\/\/delphcoachsportif.com\/test\/wp-json\/wp\/v2\/pages\/4104\/page\/2\/\" ><\/a><\/div><\/div><\/div>\n<\/div><\/div>\t\t<\/div>\n\t\t\t\t<\/div>\n\t\t\t\t\t\t<\/div>\n\t\t\t\t\t<\/div>\n\t\t<\/div>\n\t\t\t\t\t\t\t\t<\/div>\n\t\t\t\t\t<\/div>\n\t\t<\/section>\n\t\t\t\t<section class=\"elementor-section elementor-top-section elementor-element elementor-element-6512383 elementor-section-boxed elementor-section-height-default elementor-section-height-default\" data-id=\"6512383\" data-element_type=\"section\">\n\t\t\t\t\t\t<div class=\"elementor-container elementor-column-gap-default\">\n\t\t\t\t\t\t\t<div class=\"elementor-row\">\n\t\t\t\t\t<div class=\"elementor-column elementor-col-100 elementor-top-column elementor-element elementor-element-4a378bc\" data-id=\"4a378bc\" data-element_type=\"column\">\n\t\t\t<div class=\"elementor-column-wrap elementor-element-populated\">\n\t\t\t\t\t\t\t<div class=\"elementor-widget-wrap\">\n\t\t\t\t\t\t<div class=\"elementor-element elementor-element-798638a elementor-widget elementor-widget-wp-widget-custom_html\" data-id=\"798638a\" data-element_type=\"widget\" data-widget_type=\"wp-widget-custom_html.default\">\n\t\t\t\t<div class=\"elementor-widget-container\">\n\t\t\t<div class=\"textwidget custom-html-widget\">\r\n<\/div>\t\t<\/div>\n\t\t\t\t<\/div>\n\t\t\t\t\t\t<\/div>\n\t\t\t\t\t<\/div>\n\t\t<\/div>\n\t\t\t\t\t\t\t\t<\/div>\n\t\t\t\t\t<\/div>\n\t\t<\/section>\n\t\t\t\t\t\t<\/div>\n\t\t\t\t\t\t<\/div>\n\t\t\t\t\t<\/div>\n\t\t","protected":false},"excerpt":{"rendered":"<p>Les 5 astuces pour bien dresser mon chien 25 janvier 2021Vous avez saut\u00e9 le pas et vivez maintenant en compagnie de votre chien, la question du dressage arrive alors sur le &#8230;Read More Combien co\u00fbte un chat \u00e0 l&#8217;achat et \u00e0 l&#8217;ann\u00e9e ? 13 janvier 2021Les chats sont les animaux de compagnie les plus pr\u00e9sents [&hellip;]<\/p>\n","protected":false},"author":1,"featured_media":0,"parent":0,"menu_order":0,"comment_status":"closed","ping_status":"closed","template":"","meta":[],"yoast_head":"<!-- This site is optimized with the Yoast SEO plugin v15.7 - https:\/\/yoast.com\/wordpress\/plugins\/seo\/ -->\n<title>Le Mag&#039;Animaux Tout Chat Tout Chien - Tout chat Tout chien<\/title>\n<meta name=\"description\" content=\"Le Mag&#039;animaux, c&#039;est le magazine Tout Chat Tout Chien, des conseils sur les animaux, un guide de l&#039;adoption de chats et chiens...\" \/>\n<meta name=\"robots\" content=\"noindex, follow, max-snippet:-1, max-image-preview:large, max-video-preview:-1\" \/>\n<meta property=\"og:locale\" content=\"fr_FR\" \/>\n<meta property=\"og:type\" content=\"article\" \/>\n<meta property=\"og:title\" content=\"Le Mag&#039;Animaux Tout Chat Tout Chien - Tout chat Tout chien\" \/>\n<meta property=\"og:description\" content=\"Le Mag&#039;animaux, c&#039;est le magazine Tout Chat Tout Chien, des conseils sur les animaux, un guide de l&#039;adoption de chats et chiens...\" \/>\n<meta property=\"og:url\" content=\"https:\/\/delphcoachsportif.com\/test\/le-mag-animaux-toutchattoutchien\/\" \/>\n<meta property=\"og:site_name\" content=\"Tout chat Tout chien\" \/>\n<meta property=\"article:publisher\" content=\"https:\/\/www.facebook.com\/toutchattoutchien\/\" \/>\n<meta property=\"article:modified_time\" content=\"2021-02-03T14:39:19+00:00\" \/>\n<meta property=\"og:image\" content=\"https:\/\/delphcoachsportif.com\/test\/wp-content\/uploads\/bfi_thumb\/dresser-son-chien-450-p26etartthftau7l95jkymdbobr0cxwqf1ror410vc.jpg\" \/>\n<meta name=\"twitter:card\" content=\"summary_large_image\" \/>\n<meta name=\"twitter:label1\" content=\"Dur\u00e9e de lecture est.\">\n\t<meta name=\"twitter:data1\" content=\"3 minutes\">\n<script type=\"application\/ld+json\" class=\"yoast-schema-graph\">{\"@context\":\"https:\/\/schema.org\",\"@graph\":[{\"@type\":\"Organization\",\"@id\":\"https:\/\/delphcoachsportif.com\/test\/#organization\",\"name\":\"Tout Chat Tout Chien\",\"url\":\"https:\/\/delphcoachsportif.com\/test\/\",\"sameAs\":[\"https:\/\/www.facebook.com\/toutchattoutchien\/\",\"https:\/\/www.instagram.com\/toutchatoutchien\/\"],\"logo\":{\"@type\":\"ImageObject\",\"@id\":\"https:\/\/delphcoachsportif.com\/test\/#logo\",\"inLanguage\":\"fr-FR\",\"url\":\"https:\/\/delphcoachsportif.com\/test\/wp-content\/uploads\/2020\/11\/Toutchattoutchien-70-1.png\",\"width\":229,\"height\":70,\"caption\":\"Tout Chat Tout Chien\"},\"image\":{\"@id\":\"https:\/\/delphcoachsportif.com\/test\/#logo\"}},{\"@type\":\"WebSite\",\"@id\":\"https:\/\/delphcoachsportif.com\/test\/#website\",\"url\":\"https:\/\/delphcoachsportif.com\/test\/\",\"name\":\"Tout chat Tout chien\",\"description\":\"L&#039;adoption et l&#039;achat responsable et bienveillant\",\"publisher\":{\"@id\":\"https:\/\/delphcoachsportif.com\/test\/#organization\"},\"potentialAction\":[{\"@type\":\"SearchAction\",\"target\":\"https:\/\/delphcoachsportif.com\/test\/?s={search_term_string}\",\"query-input\":\"required name=search_term_string\"}],\"inLanguage\":\"fr-FR\"},{\"@type\":\"ImageObject\",\"@id\":\"https:\/\/delphcoachsportif.com\/test\/le-mag-animaux-toutchattoutchien\/#primaryimage\",\"inLanguage\":\"fr-FR\",\"url\":\"https:\/\/delphcoachsportif.com\/test\/wp-content\/uploads\/bfi_thumb\/dresser-son-chien-450-p26etartthftau7l95jkymdbobr0cxwqf1ror410vc.jpg\"},{\"@type\":\"WebPage\",\"@id\":\"https:\/\/delphcoachsportif.com\/test\/le-mag-animaux-toutchattoutchien\/#webpage\",\"url\":\"https:\/\/delphcoachsportif.com\/test\/le-mag-animaux-toutchattoutchien\/\",\"name\":\"Le Mag'Animaux Tout Chat Tout Chien - Tout chat Tout chien\",\"isPartOf\":{\"@id\":\"https:\/\/delphcoachsportif.com\/test\/#website\"},\"primaryImageOfPage\":{\"@id\":\"https:\/\/delphcoachsportif.com\/test\/le-mag-animaux-toutchattoutchien\/#primaryimage\"},\"datePublished\":\"2020-11-10T12:46:22+00:00\",\"dateModified\":\"2021-02-03T14:39:19+00:00\",\"description\":\"Le Mag'animaux, c'est le magazine Tout Chat Tout Chien, des conseils sur les animaux, un guide de l'adoption de chats et chiens...\",\"inLanguage\":\"fr-FR\",\"potentialAction\":[{\"@type\":\"ReadAction\",\"target\":[\"https:\/\/delphcoachsportif.com\/test\/le-mag-animaux-toutchattoutchien\/\"]}]}]}<\/script>\n<!-- \/ Yoast SEO plugin. -->","_links":{"self":[{"href":"https:\/\/delphcoachsportif.com\/test\/wp-json\/wp\/v2\/pages\/4104"}],"collection":[{"href":"https:\/\/delphcoachsportif.com\/test\/wp-json\/wp\/v2\/pages"}],"about":[{"href":"https:\/\/delphcoachsportif.com\/test\/wp-json\/wp\/v2\/types\/page"}],"author":[{"embeddable":true,"href":"https:\/\/delphcoachsportif.com\/test\/wp-json\/wp\/v2\/users\/1"}],"replies":[{"embeddable":true,"href":"https:\/\/delphcoachsportif.com\/test\/wp-json\/wp\/v2\/comments?post=4104"}],"version-history":[{"count":64,"href":"https:\/\/delphcoachsportif.com\/test\/wp-json\/wp\/v2\/pages\/4104\/revisions"}],"predecessor-version":[{"id":6201,"href":"https:\/\/delphcoachsportif.com\/test\/wp-json\/wp\/v2\/pages\/4104\/revisions\/6201"}],"wp:attachment":[{"href":"https:\/\/delphcoachsportif.com\/test\/wp-json\/wp\/v2\/media?parent=4104"}],"curies":[{"name":"wp","href":"https:\/\/api.w.org\/{rel}","templated":true}]}}