{"id":4836,"date":"2020-12-15T16:31:04","date_gmt":"2020-12-15T15:31:04","guid":{"rendered":"https:\/\/delphcoachsportif.com\/test\/?page_id=4836"},"modified":"2021-02-04T14:10:17","modified_gmt":"2021-02-04T13:10:17","slug":"qui-sommes-nous","status":"publish","type":"page","link":"https:\/\/delphcoachsportif.com\/test\/qui-sommes-nous\/","title":{"rendered":"Qui-sommes-nous ?"},"content":{"rendered":"\t\t<div data-elementor-type=\"wp-page\" data-elementor-id=\"4836\" class=\"elementor elementor-4836\" data-elementor-settings=\"[]\">\n\t\t\t\t\t\t<div class=\"elementor-inner\">\n\t\t\t\t\t\t\t<div class=\"elementor-section-wrap\">\n\t\t\t\t\t\t\t<section class=\"elementor-section elementor-top-section elementor-element elementor-element-66312ac3 elementor-section-stretched elementor-section-full_width elementor-section-height-default elementor-section-height-default\" data-id=\"66312ac3\" data-element_type=\"section\" data-settings=\"{&quot;stretch_section&quot;:&quot;section-stretched&quot;,&quot;background_background&quot;:&quot;classic&quot;}\">\n\t\t\t\t\t\t<div class=\"elementor-container elementor-column-gap-no\">\n\t\t\t\t\t\t\t<div class=\"elementor-row\">\n\t\t\t\t\t<div class=\"elementor-column elementor-col-50 elementor-top-column elementor-element elementor-element-7612bab7 elementor-invisible\" data-id=\"7612bab7\" data-element_type=\"column\" data-settings=\"{&quot;animation&quot;:&quot;fadeInRight&quot;}\">\n\t\t\t<div class=\"elementor-column-wrap elementor-element-populated\">\n\t\t\t\t\t\t\t<div class=\"elementor-widget-wrap\">\n\t\t\t\t\t\t<div class=\"elementor-element elementor-element-30e91ce8 elementor-widget__width-initial elementor-widget-tablet__width-inherit elementor-widget elementor-widget-heading\" data-id=\"30e91ce8\" data-element_type=\"widget\" data-widget_type=\"heading.default\">\n\t\t\t\t<div class=\"elementor-widget-container\">\n\t\t\t<h1 class=\"elementor-heading-title elementor-size-small\">TOUT CHAT TOUT CHIEN \nC'est ... avant tout UNE HISTOIRE<\/h1>\t\t<\/div>\n\t\t\t\t<\/div>\n\t\t\t\t<div class=\"elementor-element elementor-element-4e472124 elementor-widget__width-auto elementor-absolute elementor-hidden-tablet elementor-hidden-phone elementor-widget elementor-widget-image\" data-id=\"4e472124\" data-element_type=\"widget\" data-settings=\"{&quot;_position&quot;:&quot;absolute&quot;}\" data-widget_type=\"image.default\">\n\t\t\t\t<div class=\"elementor-widget-container\">\n\t\t\t\t\t<div class=\"elementor-image\">\n\t\t\t\t\t\t\t\t\t\t<img src=\"https:\/\/delphcoachsportif.com\/test\/wp-content\/uploads\/2020\/12\/8a2922c6-ovject-3.svg\" class=\"attachment-full size-full\" alt=\"\" loading=\"lazy\" \/>\t\t\t\t\t\t\t\t\t\t\t<\/div>\n\t\t\t\t<\/div>\n\t\t\t\t<\/div>\n\t\t\t\t\t\t<\/div>\n\t\t\t\t\t<\/div>\n\t\t<\/div>\n\t\t\t\t<div class=\"elementor-column elementor-col-50 elementor-top-column elementor-element elementor-element-47e95051 elementor-invisible\" data-id=\"47e95051\" data-element_type=\"column\" data-settings=\"{&quot;animation&quot;:&quot;fadeInLeft&quot;}\">\n\t\t\t<div class=\"elementor-column-wrap elementor-element-populated\">\n\t\t\t\t\t\t\t<div class=\"elementor-widget-wrap\">\n\t\t\t\t\t\t<div class=\"elementor-element elementor-element-1408ef7c elementor-widget__width-auto elementor-absolute elementor-hidden-tablet elementor-hidden-phone elementor-widget elementor-widget-image\" data-id=\"1408ef7c\" data-element_type=\"widget\" data-settings=\"{&quot;_position&quot;:&quot;absolute&quot;}\" data-widget_type=\"image.default\">\n\t\t\t\t<div class=\"elementor-widget-container\">\n\t\t\t\t\t<div class=\"elementor-image\">\n\t\t\t\t\t\t\t\t\t\t<img src=\"https:\/\/delphcoachsportif.com\/test\/wp-content\/uploads\/2020\/12\/159eb99c-ovject-2.svg\" class=\"attachment-full size-full\" alt=\"\" loading=\"lazy\" \/>\t\t\t\t\t\t\t\t\t\t\t<\/div>\n\t\t\t\t<\/div>\n\t\t\t\t<\/div>\n\t\t\t\t<div class=\"elementor-element elementor-element-7e994b85 elementor-widget__width-auto elementor-absolute elementor-hidden-tablet elementor-hidden-phone elementor-widget elementor-widget-image\" data-id=\"7e994b85\" data-element_type=\"widget\" data-settings=\"{&quot;_position&quot;:&quot;absolute&quot;}\" data-widget_type=\"image.default\">\n\t\t\t\t<div class=\"elementor-widget-container\">\n\t\t\t\t\t<div class=\"elementor-image\">\n\t\t\t\t\t\t\t\t\t\t<img src=\"https:\/\/delphcoachsportif.com\/test\/wp-content\/uploads\/2020\/12\/1e459a5b-ovject-1.svg\" class=\"attachment-full size-full\" alt=\"\" loading=\"lazy\" \/>\t\t\t\t\t\t\t\t\t\t\t<\/div>\n\t\t\t\t<\/div>\n\t\t\t\t<\/div>\n\t\t\t\t<div class=\"elementor-element elementor-element-7c570a42 elementor-invisible elementor-widget elementor-widget-image\" data-id=\"7c570a42\" data-element_type=\"widget\" data-settings=\"{&quot;_animation&quot;:&quot;rotateInDownRight&quot;}\" data-widget_type=\"image.default\">\n\t\t\t\t<div class=\"elementor-widget-container\">\n\t\t\t\t\t<div class=\"elementor-image\">\n\t\t\t\t\t\t\t\t\t\t<img width=\"750\" height=\"750\" src=\"https:\/\/delphcoachsportif.com\/test\/wp-content\/uploads\/2020\/12\/Qui-sommes-nous.jpg\" class=\"attachment-full size-full\" alt=\"\" loading=\"lazy\" srcset=\"https:\/\/delphcoachsportif.com\/test\/wp-content\/uploads\/2020\/12\/Qui-sommes-nous.jpg 750w, https:\/\/delphcoachsportif.com\/test\/wp-content\/uploads\/2020\/12\/Qui-sommes-nous-300x300.jpg 300w, https:\/\/delphcoachsportif.com\/test\/wp-content\/uploads\/2020\/12\/Qui-sommes-nous-100x100.jpg 100w, https:\/\/delphcoachsportif.com\/test\/wp-content\/uploads\/2020\/12\/Qui-sommes-nous-600x600.jpg 600w, https:\/\/delphcoachsportif.com\/test\/wp-content\/uploads\/2020\/12\/Qui-sommes-nous-150x150.jpg 150w\" sizes=\"(max-width: 750px) 100vw, 750px\" \/>\t\t\t\t\t\t\t\t\t\t\t<\/div>\n\t\t\t\t<\/div>\n\t\t\t\t<\/div>\n\t\t\t\t<div class=\"elementor-element elementor-element-7e83c276 elementor-absolute elementor-widget elementor-widget-spacer\" data-id=\"7e83c276\" data-element_type=\"widget\" data-settings=\"{&quot;_position&quot;:&quot;absolute&quot;}\" data-widget_type=\"spacer.default\">\n\t\t\t\t<div class=\"elementor-widget-container\">\n\t\t\t\t\t<div class=\"elementor-spacer\">\n\t\t\t<div class=\"elementor-spacer-inner\"><\/div>\n\t\t<\/div>\n\t\t\t\t<\/div>\n\t\t\t\t<\/div>\n\t\t\t\t\t\t<\/div>\n\t\t\t\t\t<\/div>\n\t\t<\/div>\n\t\t\t\t\t\t\t\t<\/div>\n\t\t\t\t\t<\/div>\n\t\t<\/section>\n\t\t\t\t<section class=\"elementor-section elementor-top-section elementor-element elementor-element-5b804f3c elementor-section-full_width elementor-section-stretched elementor-section-height-default elementor-section-height-default\" data-id=\"5b804f3c\" data-element_type=\"section\" data-settings=\"{&quot;background_background&quot;:&quot;classic&quot;,&quot;stretch_section&quot;:&quot;section-stretched&quot;}\">\n\t\t\t\t\t\t<div class=\"elementor-container elementor-column-gap-no\">\n\t\t\t\t\t\t\t<div class=\"elementor-row\">\n\t\t\t\t\t<div class=\"elementor-column elementor-col-100 elementor-top-column elementor-element elementor-element-379c0c5f\" data-id=\"379c0c5f\" data-element_type=\"column\">\n\t\t\t<div class=\"elementor-column-wrap elementor-element-populated\">\n\t\t\t\t\t\t\t<div class=\"elementor-widget-wrap\">\n\t\t\t\t\t\t<section class=\"elementor-section elementor-inner-section elementor-element elementor-element-cbdb880 elementor-section-boxed elementor-section-height-default elementor-section-height-default\" data-id=\"cbdb880\" data-element_type=\"section\">\n\t\t\t\t\t\t<div class=\"elementor-container elementor-column-gap-default\">\n\t\t\t\t\t\t\t<div class=\"elementor-row\">\n\t\t\t\t\t<div class=\"elementor-column elementor-col-100 elementor-inner-column elementor-element elementor-element-250ad1e\" data-id=\"250ad1e\" data-element_type=\"column\">\n\t\t\t<div class=\"elementor-column-wrap elementor-element-populated\">\n\t\t\t\t\t\t\t<div class=\"elementor-widget-wrap\">\n\t\t\t\t\t\t<div class=\"elementor-element elementor-element-2b99cff elementor-widget__width-auto elementor-invisible elementor-widget elementor-widget-text-editor\" data-id=\"2b99cff\" data-element_type=\"widget\" data-settings=\"{&quot;_animation&quot;:&quot;fadeIn&quot;}\" data-widget_type=\"text-editor.default\">\n\t\t\t\t<div class=\"elementor-widget-container\">\n\t\t\t\t\t<div class=\"elementor-text-editor elementor-clearfix\"><p>Tout Chat Tout Chien c&#8217;est l&#8217;histoire de Lilou et de sa maman, Magali. Une entreprise qui est n\u00e9e de notre histoire, une histoire qui a cr\u00e9e une entreprise !<\/p><p>Lilou 11 ans p\u00e9tillante d&#8217;\u00e9nergie est passionn\u00e9e par les animaux.<\/p><p>Magali 42 ans , sa maman, je travaille dans le digital depuis des ann\u00e9es, cr\u00e9e, d\u00e9veloppe des communaut\u00e9s sur Internet et accompagne des entrepreneurs.<\/p><p>D\u00e9but 2020, Lilou veut absolument avoir un chien \u00e0 la maison et me convainc d&#8217;entamer les d\u00e9marches avec elle.<\/p><p>Nous nous lan\u00e7ons alors dans la recherche d&#8217;un chien.<\/p><p>Lilou a en t\u00eate un Berger Australien, c&#8217;est le chien de ses r\u00eaves. Nous commen\u00e7ons donc par visiter des \u00e9levages.<\/p><p>Mais nous avons tant de questions :<\/p><p>Un Berger Australien est-ce une bonne id\u00e9e ? Pourrons-nous satisfaire ses besoins ?<\/p><p>Comment s&#8217;y prendre ? Choisir un \u00e9levage ou passer par un site d&#8217;annonces sur Internet ? A qui faire confiance ? Faut -il mieux adopter ?<\/p><p>En commen\u00e7ant par les \u00e9levages, nous tombons soit sur de vrais passionn\u00e9s qui nous expliquent que leur priorit\u00e9 est de trouver des personnes qui aiment vraiment les animaux soit sur des \u00e9levages un peu douteux.<\/p><p>Nous passons par un refuge mais nous ne trouvons pas le chien qui nous correspond et nous repartons le c\u0153ur serr\u00e9 de culpabilit\u00e9.<\/p><p>Lilou \u00e9pluche alors les sites de petites annonces sur Internet si connus, mais je trouve tellement \u00e9trange de passer par le m\u00eame site Internet pour acheter sa voiture et trouver le chien de ses r\u00eaves&#8230;<\/p><p>Alors les mois passent et nous en sommes toujours au m\u00eame point. C&#8217;est l\u00e0 que nous avons eu une id\u00e9e&#8230;<\/p><p>Une envie&#8230; se retrouver avec d&#8217;autres personnes qui ont adopt\u00e9 ou qui cherchent \u00e0 le faire, se faire accompagner au moins au d\u00e9but, trouver les r\u00e9ponses \u00e0 nos questions pour \u00eatre les meilleurs ma\u00eetres pour notre futur chien et r\u00e9unir tous les professionnels s\u00e9rieux qui proposent des chats et des chiens tout en garantissant un maximum de protection pour les animaux. Un seul lieu pour trouver l&#8217;animal de ses r\u00eaves tout en \u00e9tant accompagn\u00e9 par des professionnels.<\/p><p>L&#8217;id\u00e9e de Tout Chat Tout Chien m\u00fbrit, nourrie de discussions endiabl\u00e9es entre nous.<\/p><p>Il y a les partisans de l&#8217;adoption \u00e0 tout prix et les d\u00e9fenseurs des races mais tous ont un point commun, c&#8217;est l&#8217;amour des chiens et des chats.<\/p><p>De cette envie est n\u00e9 Tout Chat Tout Chien !<\/p><\/div>\n\t\t\t\t<\/div>\n\t\t\t\t<\/div>\n\t\t\t\t\t\t<\/div>\n\t\t\t\t\t<\/div>\n\t\t<\/div>\n\t\t\t\t\t\t\t\t<\/div>\n\t\t\t\t\t<\/div>\n\t\t<\/section>\n\t\t\t\t\t\t<\/div>\n\t\t\t\t\t<\/div>\n\t\t<\/div>\n\t\t\t\t\t\t\t\t<\/div>\n\t\t\t\t\t<\/div>\n\t\t<\/section>\n\t\t\t\t<section class=\"elementor-section elementor-top-section elementor-element elementor-element-87244b5 elementor-section-boxed elementor-section-height-default elementor-section-height-default\" data-id=\"87244b5\" data-element_type=\"section\">\n\t\t\t\t\t\t<div class=\"elementor-container elementor-column-gap-default\">\n\t\t\t\t\t\t\t<div class=\"elementor-row\">\n\t\t\t\t\t<div class=\"elementor-column elementor-col-100 elementor-top-column elementor-element elementor-element-93ae11d\" data-id=\"93ae11d\" data-element_type=\"column\">\n\t\t\t<div class=\"elementor-column-wrap\">\n\t\t\t\t\t\t\t<div class=\"elementor-widget-wrap\">\n\t\t\t\t\t\t\t\t<\/div>\n\t\t\t\t\t<\/div>\n\t\t<\/div>\n\t\t\t\t\t\t\t\t<\/div>\n\t\t\t\t\t<\/div>\n\t\t<\/section>\n\t\t\t\t<section class=\"elementor-section elementor-top-section elementor-element elementor-element-b22e9e9 elementor-section-boxed elementor-section-height-default elementor-section-height-default\" data-id=\"b22e9e9\" data-element_type=\"section\">\n\t\t\t\t\t\t<div class=\"elementor-container elementor-column-gap-default\">\n\t\t\t\t\t\t\t<div class=\"elementor-row\">\n\t\t\t\t\t<div class=\"elementor-column elementor-col-100 elementor-top-column elementor-element elementor-element-5abbf9a\" data-id=\"5abbf9a\" data-element_type=\"column\">\n\t\t\t<div class=\"elementor-column-wrap\">\n\t\t\t\t\t\t\t<div class=\"elementor-widget-wrap\">\n\t\t\t\t\t\t\t\t<\/div>\n\t\t\t\t\t<\/div>\n\t\t<\/div>\n\t\t\t\t\t\t\t\t<\/div>\n\t\t\t\t\t<\/div>\n\t\t<\/section>\n\t\t\t\t\t\t<\/div>\n\t\t\t\t\t\t<\/div>\n\t\t\t\t\t<\/div>\n\t\t","protected":false},"excerpt":{"rendered":"<p>TOUT CHAT TOUT CHIEN C&#8217;est &#8230; avant tout UNE HISTOIRE L&#8217;histoire de Lilou et Magali Tout Chat Tout Chien c&#8217;est l&#8217;histoire de Lilou et de sa maman, Magali. Une entreprise qui est n\u00e9e de notre histoire, une histoire qui a cr\u00e9e une entreprise ! Lilou 11 ans p\u00e9tillante d&#8217;\u00e9nergie est passionn\u00e9e par les animaux. Magali [&hellip;]<\/p>\n","protected":false},"author":1,"featured_media":0,"parent":0,"menu_order":0,"comment_status":"closed","ping_status":"closed","template":"","meta":[],"yoast_head":"<!-- This site is optimized with the Yoast SEO plugin v15.7 - https:\/\/yoast.com\/wordpress\/plugins\/seo\/ -->\n<title>Qui sommes- nous ? Tout Chat Tout Chien Trouvez le compagnon id\u00e9al<\/title>\n<meta name=\"description\" content=\"L&#039;adoption et l&#039;achat responsable et bienveillant de chats et de chiens. Annonces de particuliers, refuges, \u00e9leveurs, adoption, vente, chiot, chatons\" \/>\n<meta name=\"robots\" content=\"noindex, follow, max-snippet:-1, max-image-preview:large, max-video-preview:-1\" \/>\n<meta property=\"og:locale\" content=\"fr_FR\" \/>\n<meta property=\"og:type\" content=\"article\" \/>\n<meta property=\"og:title\" content=\"Qui sommes- nous ? Tout Chat Tout Chien Trouvez le compagnon id\u00e9al\" \/>\n<meta property=\"og:description\" content=\"L&#039;adoption et l&#039;achat responsable et bienveillant de chats et de chiens. Annonces de particuliers, refuges, \u00e9leveurs, adoption, vente, chiot, chatons\" \/>\n<meta property=\"og:url\" content=\"https:\/\/delphcoachsportif.com\/test\/qui-sommes-nous\/\" \/>\n<meta property=\"og:site_name\" content=\"Tout chat Tout chien\" \/>\n<meta property=\"article:publisher\" content=\"https:\/\/www.facebook.com\/toutchattoutchien\/\" \/>\n<meta property=\"article:modified_time\" content=\"2021-02-04T13:10:17+00:00\" \/>\n<meta property=\"og:image\" content=\"https:\/\/delphcoachsportif.com\/test\/wp-content\/uploads\/2020\/12\/8a2922c6-ovject-3.svg\" \/>\n<meta name=\"twitter:card\" content=\"summary_large_image\" \/>\n<meta name=\"twitter:label1\" content=\"Dur\u00e9e de lecture est.\">\n\t<meta name=\"twitter:data1\" content=\"3 minutes\">\n<script type=\"application\/ld+json\" class=\"yoast-schema-graph\">{\"@context\":\"https:\/\/schema.org\",\"@graph\":[{\"@type\":\"Organization\",\"@id\":\"https:\/\/delphcoachsportif.com\/test\/#organization\",\"name\":\"Tout Chat Tout Chien\",\"url\":\"https:\/\/delphcoachsportif.com\/test\/\",\"sameAs\":[\"https:\/\/www.facebook.com\/toutchattoutchien\/\",\"https:\/\/www.instagram.com\/toutchatoutchien\/\"],\"logo\":{\"@type\":\"ImageObject\",\"@id\":\"https:\/\/delphcoachsportif.com\/test\/#logo\",\"inLanguage\":\"fr-FR\",\"url\":\"https:\/\/delphcoachsportif.com\/test\/wp-content\/uploads\/2020\/11\/Toutchattoutchien-70-1.png\",\"width\":229,\"height\":70,\"caption\":\"Tout Chat Tout Chien\"},\"image\":{\"@id\":\"https:\/\/delphcoachsportif.com\/test\/#logo\"}},{\"@type\":\"WebSite\",\"@id\":\"https:\/\/delphcoachsportif.com\/test\/#website\",\"url\":\"https:\/\/delphcoachsportif.com\/test\/\",\"name\":\"Tout chat Tout chien\",\"description\":\"L&#039;adoption et l&#039;achat responsable et bienveillant\",\"publisher\":{\"@id\":\"https:\/\/delphcoachsportif.com\/test\/#organization\"},\"potentialAction\":[{\"@type\":\"SearchAction\",\"target\":\"https:\/\/delphcoachsportif.com\/test\/?s={search_term_string}\",\"query-input\":\"required name=search_term_string\"}],\"inLanguage\":\"fr-FR\"},{\"@type\":\"ImageObject\",\"@id\":\"https:\/\/delphcoachsportif.com\/test\/qui-sommes-nous\/#primaryimage\",\"inLanguage\":\"fr-FR\",\"url\":\"https:\/\/delphcoachsportif.com\/test\/wp-content\/uploads\/2020\/12\/8a2922c6-ovject-3.svg\"},{\"@type\":\"WebPage\",\"@id\":\"https:\/\/delphcoachsportif.com\/test\/qui-sommes-nous\/#webpage\",\"url\":\"https:\/\/delphcoachsportif.com\/test\/qui-sommes-nous\/\",\"name\":\"Qui sommes- nous ? Tout Chat Tout Chien Trouvez le compagnon id\\u00e9al\",\"isPartOf\":{\"@id\":\"https:\/\/delphcoachsportif.com\/test\/#website\"},\"primaryImageOfPage\":{\"@id\":\"https:\/\/delphcoachsportif.com\/test\/qui-sommes-nous\/#primaryimage\"},\"datePublished\":\"2020-12-15T15:31:04+00:00\",\"dateModified\":\"2021-02-04T13:10:17+00:00\",\"description\":\"L'adoption et l'achat responsable et bienveillant de chats et de chiens. Annonces de particuliers, refuges, \\u00e9leveurs, adoption, vente, chiot, chatons\",\"inLanguage\":\"fr-FR\",\"potentialAction\":[{\"@type\":\"ReadAction\",\"target\":[\"https:\/\/delphcoachsportif.com\/test\/qui-sommes-nous\/\"]}]}]}<\/script>\n<!-- \/ Yoast SEO plugin. -->","_links":{"self":[{"href":"https:\/\/delphcoachsportif.com\/test\/wp-json\/wp\/v2\/pages\/4836"}],"collection":[{"href":"https:\/\/delphcoachsportif.com\/test\/wp-json\/wp\/v2\/pages"}],"about":[{"href":"https:\/\/delphcoachsportif.com\/test\/wp-json\/wp\/v2\/types\/page"}],"author":[{"embeddable":true,"href":"https:\/\/delphcoachsportif.com\/test\/wp-json\/wp\/v2\/users\/1"}],"replies":[{"embeddable":true,"href":"https:\/\/delphcoachsportif.com\/test\/wp-json\/wp\/v2\/comments?post=4836"}],"version-history":[{"count":1,"href":"https:\/\/delphcoachsportif.com\/test\/wp-json\/wp\/v2\/pages\/4836\/revisions"}],"predecessor-version":[{"id":6151,"href":"https:\/\/delphcoachsportif.com\/test\/wp-json\/wp\/v2\/pages\/4836\/revisions\/6151"}],"wp:attachment":[{"href":"https:\/\/delphcoachsportif.com\/test\/wp-json\/wp\/v2\/media?parent=4836"}],"curies":[{"name":"wp","href":"https:\/\/api.w.org\/{rel}","templated":true}]}}