{"id":597,"date":"2016-08-25T16:17:27","date_gmt":"2016-08-25T16:17:27","guid":{"rendered":"http:\/\/classiads.designinvento.net\/elementor\/classiads-solic\/?page_id=597"},"modified":"2021-02-07T12:09:23","modified_gmt":"2021-02-07T11:09:23","slug":"contactez-toutchattoutchien","status":"publish","type":"page","link":"https:\/\/delphcoachsportif.com\/test\/contactez-toutchattoutchien\/","title":{"rendered":"Contactez-nous"},"content":{"rendered":"\t\t<div data-elementor-type=\"wp-page\" data-elementor-id=\"597\" class=\"elementor elementor-597\" data-elementor-settings=\"[]\">\n\t\t\t\t\t\t<div class=\"elementor-inner\">\n\t\t\t\t\t\t\t<div class=\"elementor-section-wrap\">\n\t\t\t\t\t\t\t<section class=\"elementor-section elementor-top-section elementor-element elementor-element-a2a4387 elementor-section-boxed elementor-section-height-default elementor-section-height-default\" data-id=\"a2a4387\" data-element_type=\"section\">\n\t\t\t\t\t\t<div class=\"elementor-container elementor-column-gap-default\">\n\t\t\t\t\t\t\t<div class=\"elementor-row\">\n\t\t\t\t\t<div class=\"elementor-column elementor-col-100 elementor-top-column elementor-element elementor-element-01462a8\" data-id=\"01462a8\" data-element_type=\"column\">\n\t\t\t<div class=\"elementor-column-wrap elementor-element-populated\">\n\t\t\t\t\t\t\t<div class=\"elementor-widget-wrap\">\n\t\t\t\t\t\t<div class=\"elementor-element elementor-element-f2bb55a elementor-widget elementor-widget-heading\" data-id=\"f2bb55a\" data-element_type=\"widget\" data-widget_type=\"heading.default\">\n\t\t\t\t<div class=\"elementor-widget-container\">\n\t\t\t<h2 class=\"elementor-heading-title elementor-size-default\">TOUT CHAT TOUT CHIEN<\/h2>\t\t<\/div>\n\t\t\t\t<\/div>\n\t\t\t\t\t\t<\/div>\n\t\t\t\t\t<\/div>\n\t\t<\/div>\n\t\t\t\t\t\t\t\t<\/div>\n\t\t\t\t\t<\/div>\n\t\t<\/section>\n\t\t\t\t<section class=\"elementor-section elementor-top-section elementor-element elementor-element-c366e38 elementor-section-boxed elementor-section-height-default elementor-section-height-default\" data-id=\"c366e38\" data-element_type=\"section\">\n\t\t\t\t\t\t<div class=\"elementor-container elementor-column-gap-default\">\n\t\t\t\t\t\t\t<div class=\"elementor-row\">\n\t\t\t\t\t<div class=\"elementor-column elementor-col-50 elementor-top-column elementor-element elementor-element-6163d9a\" data-id=\"6163d9a\" data-element_type=\"column\">\n\t\t\t<div class=\"elementor-column-wrap elementor-element-populated\">\n\t\t\t\t\t\t\t<div class=\"elementor-widget-wrap\">\n\t\t\t\t\t\t<div class=\"elementor-element elementor-element-5e20940 elementor-view-framed elementor-shape-square elementor-position-top elementor-vertical-align-top elementor-widget elementor-widget-icon-box\" data-id=\"5e20940\" data-element_type=\"widget\" data-widget_type=\"icon-box.default\">\n\t\t\t\t<div class=\"elementor-widget-container\">\n\t\t\t\t\t<div class=\"elementor-icon-box-wrapper\">\n\t\t\t\t\t\t<div class=\"elementor-icon-box-icon\">\n\t\t\t\t<span class=\"elementor-icon elementor-animation-\" >\n\t\t\t\t<i aria-hidden=\"true\" class=\"fas fa-envelope\"><\/i>\t\t\t\t<\/span>\n\t\t\t<\/div>\n\t\t\t\t\t\t<div class=\"elementor-icon-box-content\">\n\t\t\t\t<h4 class=\"elementor-icon-box-title\">\n\t\t\t\t\t<span >Adresse e-mail<\/span>\n\t\t\t\t<\/h4>\n\t\t\t\t\t\t\t\t<p class=\"elementor-icon-box-description\">toutchattoutchien@gmail.com<\/p>\n\t\t\t\t\t\t\t<\/div>\n\t\t<\/div>\n\t\t\t\t<\/div>\n\t\t\t\t<\/div>\n\t\t\t\t\t\t<\/div>\n\t\t\t\t\t<\/div>\n\t\t<\/div>\n\t\t\t\t<div class=\"elementor-column elementor-col-50 elementor-top-column elementor-element elementor-element-8b08949\" data-id=\"8b08949\" data-element_type=\"column\">\n\t\t\t<div class=\"elementor-column-wrap elementor-element-populated\">\n\t\t\t\t\t\t\t<div class=\"elementor-widget-wrap\">\n\t\t\t\t\t\t<div class=\"elementor-element elementor-element-4480438 elementor-view-framed elementor-shape-circle elementor-position-top elementor-vertical-align-top elementor-widget elementor-widget-icon-box\" data-id=\"4480438\" data-element_type=\"widget\" data-widget_type=\"icon-box.default\">\n\t\t\t\t<div class=\"elementor-widget-container\">\n\t\t\t\t\t<div class=\"elementor-icon-box-wrapper\">\n\t\t\t\t\t\t<div class=\"elementor-icon-box-icon\">\n\t\t\t\t<span class=\"elementor-icon elementor-animation-\" >\n\t\t\t\t<i aria-hidden=\"true\" class=\"fas fa-map-marker-alt\"><\/i>\t\t\t\t<\/span>\n\t\t\t<\/div>\n\t\t\t\t\t\t<div class=\"elementor-icon-box-content\">\n\t\t\t\t<h4 class=\"elementor-icon-box-title\">\n\t\t\t\t\t<span >Si\u00e8ge Social<\/span>\n\t\t\t\t<\/h4>\n\t\t\t\t\t\t\t\t<p class=\"elementor-icon-box-description\">110 rue des gen\u00eats\n34400 LUNEL<\/p>\n\t\t\t\t\t\t\t<\/div>\n\t\t<\/div>\n\t\t\t\t<\/div>\n\t\t\t\t<\/div>\n\t\t\t\t\t\t<\/div>\n\t\t\t\t\t<\/div>\n\t\t<\/div>\n\t\t\t\t\t\t\t\t<\/div>\n\t\t\t\t\t<\/div>\n\t\t<\/section>\n\t\t\t\t<section class=\"elementor-section elementor-top-section elementor-element elementor-element-f80dd17 elementor-section-boxed elementor-section-height-default elementor-section-height-default\" data-id=\"f80dd17\" data-element_type=\"section\">\n\t\t\t\t\t\t<div class=\"elementor-container elementor-column-gap-default\">\n\t\t\t\t\t\t\t<div class=\"elementor-row\">\n\t\t\t\t\t<div class=\"elementor-column elementor-col-100 elementor-top-column elementor-element elementor-element-99a8ed8\" data-id=\"99a8ed8\" data-element_type=\"column\">\n\t\t\t<div class=\"elementor-column-wrap elementor-element-populated\">\n\t\t\t\t\t\t\t<div class=\"elementor-widget-wrap\">\n\t\t\t\t\t\t<div class=\"elementor-element elementor-element-a924b05 elementor-widget elementor-widget-spacer\" data-id=\"a924b05\" data-element_type=\"widget\" data-widget_type=\"spacer.default\">\n\t\t\t\t<div class=\"elementor-widget-container\">\n\t\t\t\t\t<div class=\"elementor-spacer\">\n\t\t\t<div class=\"elementor-spacer-inner\"><\/div>\n\t\t<\/div>\n\t\t\t\t<\/div>\n\t\t\t\t<\/div>\n\t\t\t\t\t\t<\/div>\n\t\t\t\t\t<\/div>\n\t\t<\/div>\n\t\t\t\t\t\t\t\t<\/div>\n\t\t\t\t\t<\/div>\n\t\t<\/section>\n\t\t\t\t<section class=\"elementor-section elementor-top-section elementor-element elementor-element-41e22b9 elementor-section-boxed elementor-section-height-default elementor-section-height-default\" data-id=\"41e22b9\" data-element_type=\"section\">\n\t\t\t\t\t\t<div class=\"elementor-container elementor-column-gap-default\">\n\t\t\t\t\t\t\t<div class=\"elementor-row\">\n\t\t\t\t\t<div class=\"elementor-column elementor-col-100 elementor-top-column elementor-element elementor-element-12e6e4e\" data-id=\"12e6e4e\" data-element_type=\"column\">\n\t\t\t<div class=\"elementor-column-wrap elementor-element-populated\">\n\t\t\t\t\t\t\t<div class=\"elementor-widget-wrap\">\n\t\t\t\t\t\t<div class=\"elementor-element elementor-element-c03bc12 elementor-widget elementor-widget-heading\" data-id=\"c03bc12\" data-element_type=\"widget\" data-widget_type=\"heading.default\">\n\t\t\t\t<div class=\"elementor-widget-container\">\n\t\t\t<h2 class=\"elementor-heading-title elementor-size-default\">Pour nous envoyer un email<\/h2>\t\t<\/div>\n\t\t\t\t<\/div>\n\t\t\t\t<div class=\"elementor-element elementor-element-a046b27 elementor-widget elementor-widget-text-editor\" data-id=\"a046b27\" data-element_type=\"widget\" data-widget_type=\"text-editor.default\">\n\t\t\t\t<div class=\"elementor-widget-container\">\n\t\t\t\t\t<div class=\"elementor-text-editor elementor-clearfix\"><p>N&#8217;h\u00e9sitez pas \u00e0 nous \u00e9crire en utilisant le formulaire ci-dessous. Notre \u00e9quipe vous r\u00e9pondra dans les plus brefs d\u00e9lais.<\/p><\/div>\n\t\t\t\t<\/div>\n\t\t\t\t<\/div>\n\t\t\t\t\t\t<\/div>\n\t\t\t\t\t<\/div>\n\t\t<\/div>\n\t\t\t\t\t\t\t\t<\/div>\n\t\t\t\t\t<\/div>\n\t\t<\/section>\n\t\t\t\t<section class=\"elementor-section elementor-top-section elementor-element elementor-element-7266c8a elementor-section-boxed elementor-section-height-default elementor-section-height-default\" data-id=\"7266c8a\" data-element_type=\"section\" data-settings=\"{&quot;background_background&quot;:&quot;classic&quot;}\">\n\t\t\t\t\t\t<div class=\"elementor-container elementor-column-gap-default\">\n\t\t\t\t\t\t\t<div class=\"elementor-row\">\n\t\t\t\t\t<div class=\"elementor-column elementor-col-100 elementor-top-column elementor-element elementor-element-b642ed6\" data-id=\"b642ed6\" data-element_type=\"column\">\n\t\t\t<div class=\"elementor-column-wrap elementor-element-populated\">\n\t\t\t\t\t\t\t<div class=\"elementor-widget-wrap\">\n\t\t\t\t\t\t<div class=\"elementor-element elementor-element-f58ca9e elementor-widget elementor-widget-dhe_form\" data-id=\"f58ca9e\" data-element_type=\"widget\" data-widget_type=\"dhe_form.default\">\n\t\t\t\t<div class=\"elementor-widget-container\">\n\t\t\t<div id=\"dheform-3789\"  class=\"dhe-form-container dhe-form-icon-pos- dhe-form- dhe-form-flat\">\n<div class=\"dhe-form-message dhe-form-message-top\" style=\"display:none\"><\/div>\n<form novalidate data-currency=\"USD\" data-currency_symbol=\"&#036;\" data-price_format=\"%s%v\"   data-scroll_to_msg=\"1\" data-ajax_reset_submit=\"1\" data-popup=\"0\" autocomplete=\"off\" data-use-ajax=\"1\" method=\"post\" class=\"dheform dheform-3789 dheform-action-default\" enctype=\"multipart\/form-data\" target=\"_self\" >\n<div class=\"dhe-form-inner\">\t\t<div data-elementor-type=\"dheform\" data-elementor-id=\"3789\" class=\"elementor elementor-3789\" data-elementor-settings=\"[]\">\n\t\t\t\t\t\t<div class=\"elementor-inner\">\n\t\t\t\t\t\t\t<div class=\"elementor-section-wrap\">\n\t\t\t\t\t\t\t<section class=\"elementor-section elementor-top-section elementor-element elementor-element-8c5a132 elementor-section-boxed elementor-section-height-default elementor-section-height-default\" data-id=\"8c5a132\" data-element_type=\"section\">\n\t\t\t\t\t\t<div class=\"elementor-container elementor-column-gap-default\">\n\t\t\t\t\t\t\t<div class=\"elementor-row\">\n\t\t\t\t\t<div class=\"elementor-column elementor-col-33 elementor-top-column elementor-element elementor-element-767b7a7\" data-id=\"767b7a7\" data-element_type=\"column\">\n\t\t\t<div class=\"elementor-column-wrap elementor-element-populated\">\n\t\t\t\t\t\t\t<div class=\"elementor-widget-wrap\">\n\t\t\t\t\t\t<div class=\"elementor-element elementor-element-85cd8fc elementor-widget elementor-widget-dhe_form_text\" data-id=\"85cd8fc\" data-element_type=\"widget\" data-widget_type=\"dhe_form_text.default\">\n\t\t\t\t<div class=\"elementor-widget-container\">\n\t\t\t<div class=\"dhe-form-group dhe-form-contact_fname-box \">\n<div class=\"dhe-form-input  dhe-form-has-add-on\">\n<input  data-field-name=\"contact_fname\" autocomplete=\"off\" type=\"text\" id=\"dhe_form_control_contact_fname\" name=\"contact_fname\" value=\"\"   class=\"dhe-form-control dhe-form-control-contact_fname dhe-form-value dhe-form-required-entry \"  required aria-required=\"true\"  placeholder=\"Votre nom\" >\n<span class=\"dhe-form-add-on\"><i class=\"fa fa-user\"><\/i><\/span>\n<\/div><\/div>\n\t\t<\/div>\n\t\t\t\t<\/div>\n\t\t\t\t\t\t<\/div>\n\t\t\t\t\t<\/div>\n\t\t<\/div>\n\t\t\t\t<div class=\"elementor-column elementor-col-33 elementor-top-column elementor-element elementor-element-d38e77f\" data-id=\"d38e77f\" data-element_type=\"column\">\n\t\t\t<div class=\"elementor-column-wrap elementor-element-populated\">\n\t\t\t\t\t\t\t<div class=\"elementor-widget-wrap\">\n\t\t\t\t\t\t<div class=\"elementor-element elementor-element-ecde0ac elementor-widget elementor-widget-dhe_form_email\" data-id=\"ecde0ac\" data-element_type=\"widget\" data-widget_type=\"dhe_form_email.default\">\n\t\t\t\t<div class=\"elementor-widget-container\">\n\t\t\t<div class=\"dhe-form-group dhe-form-contact_email-box \">\n<div class=\"dhe-form-input  dhe-form-has-add-on\">\n<input data-field-name=\"contact_email\" autocomplete=\"off\" type=\"email\" id=\"dhe_form_control_contact_email\" name=\"contact_email\" value=\"\"  class=\"dhe-form-control dhe-form-control-contact_email dhe-form-value dhe-form-required-entry dhe-form-validate-email  \"  required aria-required=\"true\"  placeholder=\"Votre email\" >\n<span class=\"dhe-form-add-on\"><i class=\"fa fa-envelope\"><\/i><\/span>\n<\/div><\/div>\n\t\t<\/div>\n\t\t\t\t<\/div>\n\t\t\t\t\t\t<\/div>\n\t\t\t\t\t<\/div>\n\t\t<\/div>\n\t\t\t\t<div class=\"elementor-column elementor-col-33 elementor-top-column elementor-element elementor-element-8e23fce\" data-id=\"8e23fce\" data-element_type=\"column\">\n\t\t\t<div class=\"elementor-column-wrap elementor-element-populated\">\n\t\t\t\t\t\t\t<div class=\"elementor-widget-wrap\">\n\t\t\t\t\t\t<div class=\"elementor-element elementor-element-3aef7e5 elementor-widget elementor-widget-dhe_form_text\" data-id=\"3aef7e5\" data-element_type=\"widget\" data-widget_type=\"dhe_form_text.default\">\n\t\t\t\t<div class=\"elementor-widget-container\">\n\t\t\t<div class=\"dhe-form-group dhe-form-contact_phone-box \">\n<div class=\"dhe-form-input  dhe-form-has-add-on\">\n<input  data-field-name=\"contact_phone\" autocomplete=\"off\" type=\"text\" id=\"dhe_form_control_contact_phone\" name=\"contact_phone\" value=\"\"   class=\"dhe-form-control dhe-form-control-contact_phone dhe-form-value dhe-form-validate-number dhe-form-validate-number2\"   placeholder=\"T\u00e9l\u00e9phone\" >\n<span class=\"dhe-form-add-on\"><i class=\"fa fa-phone\"><\/i><\/span>\n<\/div><\/div>\n\t\t<\/div>\n\t\t\t\t<\/div>\n\t\t\t\t\t\t<\/div>\n\t\t\t\t\t<\/div>\n\t\t<\/div>\n\t\t\t\t\t\t\t\t<\/div>\n\t\t\t\t\t<\/div>\n\t\t<\/section>\n\t\t\t\t<section class=\"elementor-section elementor-top-section elementor-element elementor-element-0861b69 elementor-section-boxed elementor-section-height-default elementor-section-height-default\" data-id=\"0861b69\" data-element_type=\"section\">\n\t\t\t\t\t\t<div class=\"elementor-container elementor-column-gap-default\">\n\t\t\t\t\t\t\t<div class=\"elementor-row\">\n\t\t\t\t\t<div class=\"elementor-column elementor-col-100 elementor-top-column elementor-element elementor-element-854e6a4\" data-id=\"854e6a4\" data-element_type=\"column\">\n\t\t\t<div class=\"elementor-column-wrap elementor-element-populated\">\n\t\t\t\t\t\t\t<div class=\"elementor-widget-wrap\">\n\t\t\t\t\t\t<div class=\"elementor-element elementor-element-44b225d elementor-widget elementor-widget-dhe_form_textarea\" data-id=\"44b225d\" data-element_type=\"widget\" data-widget_type=\"dhe_form_textarea.default\">\n\t\t\t\t<div class=\"elementor-widget-container\">\n\t\t\t<div class=\"dhe-form-group dhe-form-contact_message-box \">\n<div class=\"dhe-form-textarea\">\n<textarea data-field-name=\"contact_message\" id=\"dhe_form_control_contact_message\" name=\"contact_message\"  class=\"dhe-form-control dhe-form-control-contact_message dhe-form-value dhe-form-required-entry\"  required aria-required=\"true\"  placeholder=\"Entrez-ici votre message\" ><\/textarea>\n<\/div><\/div>\n\t\t<\/div>\n\t\t\t\t<\/div>\n\t\t\t\t\t\t<\/div>\n\t\t\t\t\t<\/div>\n\t\t<\/div>\n\t\t\t\t\t\t\t\t<\/div>\n\t\t\t\t\t<\/div>\n\t\t<\/section>\n\t\t\t\t<section class=\"elementor-section elementor-top-section elementor-element elementor-element-3c90e58 elementor-section-boxed elementor-section-height-default elementor-section-height-default\" data-id=\"3c90e58\" data-element_type=\"section\">\n\t\t\t\t\t\t<div class=\"elementor-container elementor-column-gap-default\">\n\t\t\t\t\t\t\t<div class=\"elementor-row\">\n\t\t\t\t\t<div class=\"elementor-column elementor-col-100 elementor-top-column elementor-element elementor-element-e4c4a7b\" data-id=\"e4c4a7b\" data-element_type=\"column\">\n\t\t\t<div class=\"elementor-column-wrap elementor-element-populated\">\n\t\t\t\t\t\t\t<div class=\"elementor-widget-wrap\">\n\t\t\t\t\t\t<div class=\"elementor-element elementor-element-ed91b6d elementor-align-justify elementor-widget elementor-widget-dhe_form_submit_button\" data-id=\"ed91b6d\" data-element_type=\"widget\" data-widget_type=\"dhe_form_submit_button.default\">\n\t\t\t\t<div class=\"elementor-widget-container\">\n\t\t\t\r\n<div class=\"dhe-form-action \">\r\n\t<button type=\"submit\" class=\"button dhe-form-submit dhe-form-submit--size-\">\r\n\t\t<span class=\"dhe-form-submit-label\">ENVOYER<\/span>\r\n\t\t<span class=\"dhe-form-submit-spinner\">\r\n\t\t\t<svg version=\"1.1\" xmlns=\"http:\/\/www.w3.org\/2000\/svg\" xmlns:xlink=\"http:\/\/www.w3.org\/1999\/xlink\" x=\"0px\" y=\"0px\" viewBox=\"25 25 50 50\"  xml:space=\"preserve\">\r\n\t\t\t\t<circle class=\"path\" cx=\"50\" cy=\"50\" r=\"20\" stroke-dasharray=\"89, 200\" stroke=\"currentColor\" stroke-dashoffset=\"-35\" fill=\"none\" stroke-width=\"5\" stroke-miterlimit=\"10\"\/>\r\n\t\t\t<\/svg>\r\n\t\t<\/span>\r\n\t<\/button>\r\n<\/div>\t\t<\/div>\n\t\t\t\t<\/div>\n\t\t\t\t\t\t<\/div>\n\t\t\t\t\t<\/div>\n\t\t<\/div>\n\t\t\t\t\t\t\t\t<\/div>\n\t\t\t\t\t<\/div>\n\t\t<\/section>\n\t\t\t\t\t\t<\/div>\n\t\t\t\t\t\t<\/div>\n\t\t\t\t\t<\/div>\n\t\t<\/div><div style=\"display: none;\">\n<input type=\"hidden\" name=\"action\" value=\"dhe_form_ajax\">\n<input type=\"hidden\" id=\"_dhe_form_hidden_fields\" name=\"_dhe_form_hidden_fields\" value=\"\">\n<input type=\"hidden\" name=\"_dhe_form_id\" value=\"3789\">\n<input type=\"hidden\" name=\"_dhe_form_url\" value=\"https:\/\/delphcoachsportif.com\/test\/wp-json\/wp\/v2\/pages\/597\">\n<input type=\"hidden\" name=\"_dhe_form_referer\" value=\"\">\n<input type=\"hidden\" name=\"_dhe_form_post_id\" value=\"597\">\n<input type=\"hidden\" name=\"_dhe_form_nonce\" value=\"0ec055f33f\">\n<\/div>\n<\/form>\n<\/div>\n\t\t<\/div>\n\t\t\t\t<\/div>\n\t\t\t\t\t\t<\/div>\n\t\t\t\t\t<\/div>\n\t\t<\/div>\n\t\t\t\t\t\t\t\t<\/div>\n\t\t\t\t\t<\/div>\n\t\t<\/section>\n\t\t\t\t<section class=\"elementor-section elementor-top-section elementor-element elementor-element-f9c1b9f elementor-section-boxed elementor-section-height-default elementor-section-height-default\" data-id=\"f9c1b9f\" data-element_type=\"section\">\n\t\t\t\t\t\t<div class=\"elementor-container elementor-column-gap-default\">\n\t\t\t\t\t\t\t<div class=\"elementor-row\">\n\t\t\t\t\t<div class=\"elementor-column elementor-col-100 elementor-top-column elementor-element elementor-element-9fb1443\" data-id=\"9fb1443\" data-element_type=\"column\">\n\t\t\t<div class=\"elementor-column-wrap elementor-element-populated\">\n\t\t\t\t\t\t\t<div class=\"elementor-widget-wrap\">\n\t\t\t\t\t\t<div class=\"elementor-element elementor-element-a859678 elementor-widget elementor-widget-spacer\" data-id=\"a859678\" data-element_type=\"widget\" data-widget_type=\"spacer.default\">\n\t\t\t\t<div class=\"elementor-widget-container\">\n\t\t\t\t\t<div class=\"elementor-spacer\">\n\t\t\t<div class=\"elementor-spacer-inner\"><\/div>\n\t\t<\/div>\n\t\t\t\t<\/div>\n\t\t\t\t<\/div>\n\t\t\t\t\t\t<\/div>\n\t\t\t\t\t<\/div>\n\t\t<\/div>\n\t\t\t\t\t\t\t\t<\/div>\n\t\t\t\t\t<\/div>\n\t\t<\/section>\n\t\t\t\t\t\t<\/div>\n\t\t\t\t\t\t<\/div>\n\t\t\t\t\t<\/div>\n\t\t","protected":false},"excerpt":{"rendered":"<p>TOUT CHAT TOUT CHIEN Adresse e-mail toutchattoutchien@gmail.com Si\u00e8ge Social 110 rue des gen\u00eats 34400 LUNEL Pour nous envoyer un email N&#8217;h\u00e9sitez pas \u00e0 nous \u00e9crire en utilisant le formulaire ci-dessous. Notre \u00e9quipe vous r\u00e9pondra dans les plus brefs d\u00e9lais.<\/p>\n","protected":false},"author":1,"featured_media":0,"parent":0,"menu_order":0,"comment_status":"closed","ping_status":"closed","template":"","meta":[],"yoast_head":"<!-- This site is optimized with the Yoast SEO plugin v15.7 - https:\/\/yoast.com\/wordpress\/plugins\/seo\/ -->\n<title>Contactez-nous - Tout chat Tout chien<\/title>\n<meta name=\"description\" content=\"Une question ? Contactez Tout Chat Tout Chien par email. Tout Chat Tout Chien, c&#039;est le site de l&#039;adoption et l&#039;achat responsable et bienveillant de chats et de chiens.\" \/>\n<meta name=\"robots\" content=\"noindex, follow, max-snippet:-1, max-image-preview:large, max-video-preview:-1\" \/>\n<meta property=\"og:locale\" content=\"fr_FR\" \/>\n<meta property=\"og:type\" content=\"article\" \/>\n<meta property=\"og:title\" content=\"Contactez-nous - Tout chat Tout chien\" \/>\n<meta property=\"og:description\" content=\"Une question ? Contactez Tout Chat Tout Chien par email. Tout Chat Tout Chien, c&#039;est le site de l&#039;adoption et l&#039;achat responsable et bienveillant de chats et de chiens.\" \/>\n<meta property=\"og:url\" content=\"https:\/\/delphcoachsportif.com\/test\/contactez-toutchattoutchien\/\" \/>\n<meta property=\"og:site_name\" content=\"Tout chat Tout chien\" \/>\n<meta property=\"article:publisher\" content=\"https:\/\/www.facebook.com\/toutchattoutchien\/\" \/>\n<meta property=\"article:modified_time\" content=\"2021-02-07T11:09:23+00:00\" \/>\n<meta name=\"twitter:card\" content=\"summary_large_image\" \/>\n<meta name=\"twitter:label1\" content=\"Dur\u00e9e de lecture est.\">\n\t<meta name=\"twitter:data1\" content=\"1 minute\">\n<script type=\"application\/ld+json\" class=\"yoast-schema-graph\">{\"@context\":\"https:\/\/schema.org\",\"@graph\":[{\"@type\":\"Organization\",\"@id\":\"https:\/\/delphcoachsportif.com\/test\/#organization\",\"name\":\"Tout Chat Tout Chien\",\"url\":\"https:\/\/delphcoachsportif.com\/test\/\",\"sameAs\":[\"https:\/\/www.facebook.com\/toutchattoutchien\/\",\"https:\/\/www.instagram.com\/toutchatoutchien\/\"],\"logo\":{\"@type\":\"ImageObject\",\"@id\":\"https:\/\/delphcoachsportif.com\/test\/#logo\",\"inLanguage\":\"fr-FR\",\"url\":\"https:\/\/delphcoachsportif.com\/test\/wp-content\/uploads\/2020\/11\/Toutchattoutchien-70-1.png\",\"width\":229,\"height\":70,\"caption\":\"Tout Chat Tout Chien\"},\"image\":{\"@id\":\"https:\/\/delphcoachsportif.com\/test\/#logo\"}},{\"@type\":\"WebSite\",\"@id\":\"https:\/\/delphcoachsportif.com\/test\/#website\",\"url\":\"https:\/\/delphcoachsportif.com\/test\/\",\"name\":\"Tout chat Tout chien\",\"description\":\"L&#039;adoption et l&#039;achat responsable et bienveillant\",\"publisher\":{\"@id\":\"https:\/\/delphcoachsportif.com\/test\/#organization\"},\"potentialAction\":[{\"@type\":\"SearchAction\",\"target\":\"https:\/\/delphcoachsportif.com\/test\/?s={search_term_string}\",\"query-input\":\"required name=search_term_string\"}],\"inLanguage\":\"fr-FR\"},{\"@type\":\"WebPage\",\"@id\":\"https:\/\/delphcoachsportif.com\/test\/contactez-toutchattoutchien\/#webpage\",\"url\":\"https:\/\/delphcoachsportif.com\/test\/contactez-toutchattoutchien\/\",\"name\":\"Contactez-nous - Tout chat Tout chien\",\"isPartOf\":{\"@id\":\"https:\/\/delphcoachsportif.com\/test\/#website\"},\"datePublished\":\"2016-08-25T16:17:27+00:00\",\"dateModified\":\"2021-02-07T11:09:23+00:00\",\"description\":\"Une question ? Contactez Tout Chat Tout Chien par email. Tout Chat Tout Chien, c'est le site de l'adoption et l'achat responsable et bienveillant de chats et de chiens.\",\"inLanguage\":\"fr-FR\",\"potentialAction\":[{\"@type\":\"ReadAction\",\"target\":[\"https:\/\/delphcoachsportif.com\/test\/contactez-toutchattoutchien\/\"]}]}]}<\/script>\n<!-- \/ Yoast SEO plugin. -->","_links":{"self":[{"href":"https:\/\/delphcoachsportif.com\/test\/wp-json\/wp\/v2\/pages\/597"}],"collection":[{"href":"https:\/\/delphcoachsportif.com\/test\/wp-json\/wp\/v2\/pages"}],"about":[{"href":"https:\/\/delphcoachsportif.com\/test\/wp-json\/wp\/v2\/types\/page"}],"author":[{"embeddable":true,"href":"https:\/\/delphcoachsportif.com\/test\/wp-json\/wp\/v2\/users\/1"}],"replies":[{"embeddable":true,"href":"https:\/\/delphcoachsportif.com\/test\/wp-json\/wp\/v2\/comments?post=597"}],"version-history":[{"count":22,"href":"https:\/\/delphcoachsportif.com\/test\/wp-json\/wp\/v2\/pages\/597\/revisions"}],"predecessor-version":[{"id":6285,"href":"https:\/\/delphcoachsportif.com\/test\/wp-json\/wp\/v2\/pages\/597\/revisions\/6285"}],"wp:attachment":[{"href":"https:\/\/delphcoachsportif.com\/test\/wp-json\/wp\/v2\/media?parent=597"}],"curies":[{"name":"wp","href":"https:\/\/api.w.org\/{rel}","templated":true}]}}